{"id":1029,"date":"2020-04-25T14:10:09","date_gmt":"2020-04-25T17:10:09","guid":{"rendered":"http:\/\/oiltech.com.ar\/?page_id=1029"},"modified":"2021-07-26T20:14:03","modified_gmt":"2021-07-26T23:14:03","slug":"turbomaquinas","status":"publish","type":"page","link":"https:\/\/oiltech.com.ar\/en\/unidades-de-negocios\/turbomaquinas\/","title":{"rendered":"TURBOMACHINERY"},"content":{"rendered":"<p><section class=\"fw-main-row  bg-content-background\"\n     >\n    <span class=\"bg-image-overlay bg-\" style=\" \"><\/span>\n    <div class=\"fw-container unyson_content\">\n\t\t            <div class=\"container\">\n\t\t\t\t\t\t\t\t<div class=\"row\">\n\t<div class=\"col-md-12\" >\n    <div style=\" margin: ; padding: ;\">\n\t\n\n    <div class=\"fw-divider__space-10x\"><\/div>\n    <\/div>\n<\/div>\n<\/div>\n\n<div class=\"row\">\n\t<div class=\"col-md-12\" >\n    <div style=\" margin: ; padding: ;\">\n\t<span class=\"unyson-media-image\"><img src=\"https:\/\/oiltech.com.ar\/wp-content\/uploads\/2020\/06\/Turbomaquinas-1920x300-1-1920x300.jpg\" alt=\"https:\/\/oiltech.com.ar\/wp-content\/uploads\/2020\/06\/Turbomaquinas-1920x300-1-1920x300.jpg\" width=\"1920\" height=\"300\" \/><\/span>    <\/div>\n<\/div>\n<\/div>\n\n<div class=\"row\">\n\t<div class=\"col-md-12\" >\n    <div style=\" margin: ; padding: ;\">\n\t\n\n    <div class=\"fw-divider__space-10x\"><\/div>\n    <\/div>\n<\/div>\n<\/div>\n\n<div class=\"row\">\n\t<div class=\"col-md-12\" >\n    <div style=\" margin: ; padding: ;\">\n\t<p style=\"color: #30355d;\">At Oiltech Ingenier\u00eda y Proyectos S.R.L. we give answer to the National and International market requirements in precision mechanics offering mounting services and Turbomachinery maintenance.<\/p><div style=\"color: #0eb0ee;\"><p><strong>GAS AND STEAM TURBINES<\/strong><br \/><img class=\"alignright wp-image-1726\" src=\"https:\/\/oiltech.com.ar\/wp-content\/uploads\/2021\/07\/turbomaquina_1-scaled.jpg\" alt=\"\" width=\"450\" height=\"253\" \/><br \/>We are experts on turbines mounting and maintenance. We have engineers, qualified inspectors and expert technicians to develop the GE, SIEMENS, LMZ, HITACHI, ANSALDO turbines service in situ. Our technicians have developed as TA for more than 30 years going through a service under the highest technical standards.<\/p><ul><li>Turbines maintenance and mounting strategic plans production and analysis.<\/li><li>Diagnosis of elements pertaining to the equipment environment (supports, study of stress in pipes, vibrations, etc.).<\/li><li>List of spare parts necessary for maintenance.<\/li><li>General repair of gas and steam turbines.<\/li><li>Dimensional control.<\/li><li>Adjustment of bearings, rotors, diaphragms and seals.<\/li><li>Alignment of rotors and internal rotors.<\/li><li>Alignment measurement.<\/li><li>Final adjustments.<\/li><li>Cleaning and verification of lubrication circuits, pedestals, piping and bearings.<\/li><li>Repair and control of auxiliary equipment (central lubrication unit, steam ejectors, main and auxiliary pumps).<\/li><li>Testing, tuning and operational control.<\/li><\/ul><p><strong>COMPRESSORS<\/strong><\/p><p><img class=\"alignright wp-image-1727\" src=\"https:\/\/oiltech.com.ar\/wp-content\/uploads\/2021\/07\/turbomaquina_2.jpg\" alt=\"\" width=\"450\" height=\"338\" \/>We rely on qualified personnel to intervene in your equipment under the highest standards. We have certified measurement instruments and equipment to do the predictive maintenance. We cover from the monitoring and control phase to the corrective intervention.<\/p><ul><li>Predictive, preventive and corrective maintenance of air and gas compressors, alternative and rotary.<\/li><li>Visual inspection, mass balance, radial\/axial clearance control.<\/li><li>Alignment, bearing change, reparation and\/or valve change, retainers and seals.<\/li><li>Radial clearance control at labyrinths<\/li><li>Diffuser assembly and clearance control, labyrinth seal adjustment and alignment<\/li><li>Start up<\/li><\/ul><p><strong>QUALIFICATION AND TRAINING:<\/strong><\/p><p>We offer a calendar of Practical Theoretical Courses that allow learning, consolidating and developing the best practices of the Turbomachinery Maintenance.<\/p><ul><li>Turbo compressors types<\/li><li>Sealing in Turbomachinery (technology, applications and failure modes).<\/li><li>Steam turbines and auxiliary equipment<\/li><li>Gas turbines and their auxiliary equipment<\/li><\/ul><\/div>\n\n    <div class=\"fw-divider__space-40x\"><\/div>\n<div class=\"fw-iconbox clearfix fw-iconbox--left ib-type2\">\n    <div class=\"fw-iconbox__image\">\n        <a href=\"https:\/\/oiltech.com.ar\/wp-content\/uploads\/2020\/05\/OILTECH_OAA-9001-2015_CERTIFICATE_AR-O237703.pdf\">            <i class=\"fa fa-bookmark\"><\/i>        <\/a>\n    <\/div>\n    <div class=\"fw-iconbox__aside\">\n        <div class=\"fw-iconbox__title\">\n            <h3><a href=\"https:\/\/oiltech.com.ar\/wp-content\/uploads\/2020\/05\/OILTECH_OAA-9001-2015_CERTIFICATE_AR-O237703.pdf\">CERTIFICATION<\/a><\/h3>\n        <\/div>\n\t\t            <div class=\"fw-iconbox__text\">\n                <div>ISO 9001:2015<\/div>\n            <\/div>\n\t\t    <\/div>\n<\/div>    <\/div>\n<\/div>\n<\/div>\n\n<div class=\"row\">\n\t<div class=\"col-md-12\" >\n    <div style=\" margin: ; padding: ;\">\n\t\n\n    <div class=\"fw-divider__space-10x\"><\/div>\n    <\/div>\n<\/div>\n<\/div>\n\n\t\t\t\t        <\/div>\n\t    <\/div>\n<\/section>\n<section class=\"fw-main-row\"\n    style=\"background-color:;background-position: center center center;background-repeat: no-repeat;background-attachment:scroll;background-size:cover;\" >\n    <span class=\"bg-image-overlay\" style=\"background-color:; \"><\/span>\n    <div class=\"fw-container unyson_content\">\n\t\t            <div class=\"container\">\n\t\t\t\t\t\t\t\t<div class=\"row\">\n\t<div class=\"col-md-12\" >\n    <div style=\" margin: ; padding: ;\">\n\t<div class=\"shortcode-widget-area\"><\/div>\n    <\/div>\n<\/div>\n<\/div>\n\n<div class=\"row\">\n\t<div class=\"col-md-12\" >\n    <div style=\" margin: ; padding: ;\">\n\t<div class=\"shortcode-widget-area\"><\/div>\n    <\/div>\n<\/div>\n<\/div>\n\n\t\t\t\t        <\/div>\n\t    <\/div>\n<\/section>\n<\/p>","protected":false},"excerpt":{"rendered":"<p>En Oiltech Ingenier\u00eda y Proyectos S.R.L. respondemos a los requerimientos del mercado Nacional e Internacional en mec\u00e1nica de precisi\u00f3n prestando servicios de montaje y mantenimiento<\/p>","protected":false},"author":1,"featured_media":0,"parent":990,"menu_order":0,"comment_status":"closed","ping_status":"closed","template":"","meta":{"footnotes":""},"_links":{"self":[{"href":"https:\/\/oiltech.com.ar\/en\/wp-json\/wp\/v2\/pages\/1029"}],"collection":[{"href":"https:\/\/oiltech.com.ar\/en\/wp-json\/wp\/v2\/pages"}],"about":[{"href":"https:\/\/oiltech.com.ar\/en\/wp-json\/wp\/v2\/types\/page"}],"author":[{"embeddable":true,"href":"https:\/\/oiltech.com.ar\/en\/wp-json\/wp\/v2\/users\/1"}],"replies":[{"embeddable":true,"href":"https:\/\/oiltech.com.ar\/en\/wp-json\/wp\/v2\/comments?post=1029"}],"version-history":[{"count":37,"href":"https:\/\/oiltech.com.ar\/en\/wp-json\/wp\/v2\/pages\/1029\/revisions"}],"predecessor-version":[{"id":1750,"href":"https:\/\/oiltech.com.ar\/en\/wp-json\/wp\/v2\/pages\/1029\/revisions\/1750"}],"up":[{"embeddable":true,"href":"https:\/\/oiltech.com.ar\/en\/wp-json\/wp\/v2\/pages\/990"}],"wp:attachment":[{"href":"https:\/\/oiltech.com.ar\/en\/wp-json\/wp\/v2\/media?parent=1029"}],"curies":[{"name":"wp","href":"https:\/\/api.w.org\/{rel}","templated":true}]}}