{"id":1076,"date":"2020-04-25T19:12:16","date_gmt":"2020-04-25T22:12:16","guid":{"rendered":"http:\/\/oiltech.com.ar\/?page_id=1076"},"modified":"2020-06-07T18:34:25","modified_gmt":"2020-06-07T21:34:25","slug":"ingenieria-y-consultoria","status":"publish","type":"page","link":"https:\/\/oiltech.com.ar\/en\/unidades-de-negocios\/ingenieria-y-consultoria\/","title":{"rendered":"ENGINEERING AND CONSULTANCY"},"content":{"rendered":"<section class=\"fw-main-row\"\n    style=\"background-color:;background-position: center center center;background-repeat: no-repeat;background-attachment:scroll;background-size:cover;\" >\n    <span class=\"bg-image-overlay\" style=\"background-color:; \"><\/span>\n    <div class=\"fw-container unyson_content\">\n\t\t            <div class=\"container\">\n\t\t\t\t\t\t\t\t<div class=\"row\">\n\t<div class=\"col-md-12\" >\n    <div style=\" margin: ; padding: ;\">\n\t\n\n    <div class=\"fw-divider__space-10x\"><\/div>\n    <\/div>\n<\/div>\n<\/div>\n\n<div class=\"row\">\n\t<div class=\"col-md-12\" >\n    <div style=\" margin: ; padding: ;\">\n\t<span class=\"unyson-media-image\"><img src=\"https:\/\/oiltech.com.ar\/wp-content\/uploads\/2020\/06\/Ingenieria-y-Consultoria-1920x300-1-1920x300.jpg\" alt=\"https:\/\/oiltech.com.ar\/wp-content\/uploads\/2020\/06\/Ingenieria-y-Consultoria-1920x300-1-1920x300.jpg\" width=\"1920\" height=\"300\" \/><\/span>    <\/div>\n<\/div>\n<\/div>\n\n<div class=\"row\">\n\t<div class=\"col-md-12\" >\n    <div style=\" margin: ; padding: ;\">\n\t\n\n    <div class=\"fw-divider__space-10x\"><\/div>\n    <\/div>\n<\/div>\n<\/div>\n\n<div class=\"row\">\n\t<div class=\"col-md-12\" >\n    <div style=\" margin: ; padding: ;\">\n\t<p style=\"color: #30355d;\">At Oiltech Ingenier\u00eda y Proyectos S.R.L. the engineering and consultancy area is not independent of the other ones, since every business unit relies on this area to complement and deliver an integral service. It is one of the company\u2019s bastions, because of the experience acquired an developed for more than a decade in design and calculation under national and international rules as ASME, API, CIRSOC, NAG, IRAM.<br \/>This business unit is constituted by different areas multidisciplinary group of professionals that interpret the customer needs and translate them in a really added value product.<\/p><div style=\"color: #0eb0ee;\">We have professionals in the areas of:<\/p><ul><li>Mechanical engineering<\/li><li>Civil engineering<\/li><li>Electric engineering<\/li><li>Electronic engineering and automation<\/li><li>Instrumentation engineering and processes control<\/li><li>Oil &amp; Gas engineering.<\/li><li>Risk Engineering.<\/li><li>Petrochemical engineering<\/li><li>Industrial engineering<\/li><li>Maintenance Engineering and Realibility.<\/li><li>Project Managment.<\/li><\/ul><p>Oiltech Ingenier\u00eda y Proyectos S.R.L. offer you integral solutions <em>TURNKEY<\/em>modality. Once each of the phases that the customer needs is executed, it accompanies from Basic Engineering to Detailed Engineering, doing the Integral Management of the Engineering Project.<\/div>\n\n    <div class=\"fw-divider__space-30x\"><\/div>\n    <\/div>\n<\/div>\n<\/div>\n\n<div class=\"row\">\n\t<div class=\"col-md-12\" >\n    <div style=\" margin: ; padding: ;\">\n\t\n\n    <div class=\"fw-divider__space-10x\"><\/div>\n    <\/div>\n<\/div>\n<\/div>\n\n\t\t\t\t        <\/div>\n\t    <\/div>\n<\/section>","protected":false},"excerpt":{"rendered":"<p>En Oiltech Ingenier\u00eda y Proyectos S.R.L. el \u00e1rea de Ingenier\u00eda y consultor\u00eda no es independiente de las dem\u00e1s \u00e1reas, ya que en esta se apoyan<\/p>","protected":false},"author":1,"featured_media":0,"parent":990,"menu_order":0,"comment_status":"closed","ping_status":"closed","template":"","meta":{"footnotes":""},"_links":{"self":[{"href":"https:\/\/oiltech.com.ar\/en\/wp-json\/wp\/v2\/pages\/1076"}],"collection":[{"href":"https:\/\/oiltech.com.ar\/en\/wp-json\/wp\/v2\/pages"}],"about":[{"href":"https:\/\/oiltech.com.ar\/en\/wp-json\/wp\/v2\/types\/page"}],"author":[{"embeddable":true,"href":"https:\/\/oiltech.com.ar\/en\/wp-json\/wp\/v2\/users\/1"}],"replies":[{"embeddable":true,"href":"https:\/\/oiltech.com.ar\/en\/wp-json\/wp\/v2\/comments?post=1076"}],"version-history":[{"count":11,"href":"https:\/\/oiltech.com.ar\/en\/wp-json\/wp\/v2\/pages\/1076\/revisions"}],"predecessor-version":[{"id":1254,"href":"https:\/\/oiltech.com.ar\/en\/wp-json\/wp\/v2\/pages\/1076\/revisions\/1254"}],"up":[{"embeddable":true,"href":"https:\/\/oiltech.com.ar\/en\/wp-json\/wp\/v2\/pages\/990"}],"wp:attachment":[{"href":"https:\/\/oiltech.com.ar\/en\/wp-json\/wp\/v2\/media?parent=1076"}],"curies":[{"name":"wp","href":"https:\/\/api.w.org\/{rel}","templated":true}]}}