{"id":1029,"date":"2020-04-25T14:10:09","date_gmt":"2020-04-25T17:10:09","guid":{"rendered":"http:\/\/oiltech.com.ar\/?page_id=1029"},"modified":"2021-07-26T20:14:03","modified_gmt":"2021-07-26T23:14:03","slug":"turbomaquinas","status":"publish","type":"page","link":"https:\/\/oiltech.com.ar\/es\/unidades-de-negocios\/turbomaquinas\/","title":{"rendered":"Turbom\u00e1quinas"},"content":{"rendered":"<p><section class=\"fw-main-row  bg-content-background \"\n     >\n    <span class=\"bg-image-overlay bg-\" style=\" \"><\/span>\n    <div class=\"fw-container unyson_content\">\n\t\t            <div class=\"container\">\n\t\t\t\t\t\t\t\t<div class=\"row\">\n\t<div class=\"col-md-12       \" >\n    <div style=\" margin: ; padding: ;\">\n\t\n\n    <div class=\"fw-divider__space-10x  \"><\/div>\n    <\/div>\n<\/div>\n<\/div>\n\n<div class=\"row\">\n\t<div class=\"col-md-12       \" >\n    <div style=\" margin: ; padding: ;\">\n\t<span class=\"unyson-media-image\"><img src=\"https:\/\/oiltech.com.ar\/wp-content\/uploads\/2020\/06\/Turbomaquinas-1920x300-1-1920x300.jpg\" alt=\"https:\/\/oiltech.com.ar\/wp-content\/uploads\/2020\/06\/Turbomaquinas-1920x300-1-1920x300.jpg\" width=\"1920\" height=\"300\" \/><\/span>    <\/div>\n<\/div>\n<\/div>\n\n<div class=\"row\">\n\t<div class=\"col-md-12       \" >\n    <div style=\" margin: ; padding: ;\">\n\t\n\n    <div class=\"fw-divider__space-10x  \"><\/div>\n    <\/div>\n<\/div>\n<\/div>\n\n<div class=\"row\">\n\t<div class=\"col-md-12       \" >\n    <div style=\" margin: ; padding: ;\">\n\t<p style=\"color: #30355d;\">En Oiltech Ingenier\u00eda y Proyectos S.R.L. respondemos a los requerimientos del mercado Nacional e Internacional en mec\u00e1nica de precisi\u00f3n prestando servicios de montaje y mantenimiento de Turbom\u00e1quinas.<\/p><div style=\"color: #0eb0ee;\"><p><strong>TURBINAS A VAPOR Y TURBINAS A GAS.<\/strong><br \/><img class=\"alignright wp-image-1726\" src=\"https:\/\/oiltech.com.ar\/wp-content\/uploads\/2021\/07\/turbomaquina_1-scaled.jpg\" alt=\"\" width=\"450\" height=\"253\" \/><br \/>Somos especialistas en el montaje y mantenimiento de Turbinas. Contamos con ingenieros, inspectores calificados y t\u00e9cnicos expertos para realizar el servicio in situ de turbinas GE, SIEMENS, LMZ, HITACHI, ANSALDO. Nuestros t\u00e9cnicos se han desarrollado como TA por m\u00e1s de 30 a\u00f1os efectivizando un servicio bajo los m\u00e1s altos est\u00e1ndares t\u00e9cnicos.<\/p><ul><li>Confecci\u00f3n y an\u00e1lisis de planes estrat\u00e9gicos de mantenimiento y montaje de turbinas.<\/li><li>Diagn\u00f3stico de elementos pertenecientes al entorno del equipo (soportes, estudio de stress de ca\u00f1er\u00edas, vibraciones, etc.).<\/li><li>Confecci\u00f3n del listado de repuestos necesarios para el mantenimiento.<\/li><li>Reparaci\u00f3n general de turbinas de gas y vapor.<\/li><li>Control dimensional.<\/li><li>Ajuste de cojinetes, rotores, diafragmas, sellos.<\/li><li>Alineaci\u00f3n de rotores e internos.<\/li><li>Medici\u00f3n de alineaci\u00f3n.<\/li><li>Ajustes finales.<\/li><li>Limpieza verificaci\u00f3n de circuitos de lubricaci\u00f3n, pedestales, ca\u00f1er\u00edas, cojinetes.<\/li><li>Reparaci\u00f3n y control de equipos auxiliares (Eyectores de vapor, bombas, central de lubricaci\u00f3n, bombas principales y auxiliares).<\/li><li>Ensayos, puesta a punto y control operativo.<\/li><\/ul><p><strong>COMPRESORES<\/strong><\/p><p><img class=\"alignright wp-image-1727\" src=\"https:\/\/oiltech.com.ar\/wp-content\/uploads\/2021\/07\/turbomaquina_2.jpg\" alt=\"\" width=\"450\" height=\"338\" \/>Contamos con personal capacitado para intervenir sus equipos bajo los m\u00e1s altos est\u00e1ndares.\u00a0 Poseemos instrumentos certificados de medici\u00f3n y equipos para realizar mantenimiento predictivo.\u00a0 Abarcamos desde la fase de seguimiento y control hasta la intervenci\u00f3n correctiva.<\/p><ul><li>Mantenimiento predictivo, preventivo y correctivo de compresores de aire y gas, alternativos y rotativos.<\/li><li>Inspecci\u00f3n visual, balanceo de masas, control de huelgo radial\/axial.<\/li><li>Alineaci\u00f3n, cambio de cojinetes, reparaci\u00f3n y\/o cambio de v\u00e1lvulas, retenes y sellos.<\/li><li>Control de huelgos radiales en laberintos.<\/li><li>Armado de difusores y controles de huelgos, ajustes y alineaci\u00f3n de sellos laber\u00ednticos.<\/li><li>Puesta en marcha<\/li><\/ul><p><strong>CAPACITACI\u00d3N Y ADIESTRAMIENTO:<\/strong><\/p><p>Ofrecemos un calendario de Cursos Te\u00f3rico Pr\u00e1cticos que permiten aprender, afianzar y desarrollar las mejores pr\u00e1cticas de Mantenimiento de Turbom\u00e1quinas.<\/p><ul><li>Tipos de Turbocompresores.<\/li><li>Sellos en Turbom\u00e1quinas (Tecnolog\u00eda, aplicaciones y modos de fallas).<\/li><li>Turbinas a Vapor y Equipos Auxiliares<\/li><li>Turbinas a Gas y sus equipos Auxiliares<\/li><\/ul><\/div>\n\n    <div class=\"fw-divider__space-40x  \"><\/div>\n<div class=\"fw-iconbox clearfix fw-iconbox--left ib-type2\">\n    <div class=\"fw-iconbox__image \">\n        <a href=\"https:\/\/oiltech.com.ar\/wp-content\/uploads\/2020\/05\/OILTECH_OAA-9001-2015_CERTIFICATE_AR-O237703.pdf\">            <i class=\"fa fa-bookmark\"><\/i>        <\/a>\n    <\/div>\n    <div class=\"fw-iconbox__aside\">\n        <div class=\"fw-iconbox__title\">\n            <h3><a href=\"https:\/\/oiltech.com.ar\/wp-content\/uploads\/2020\/05\/OILTECH_OAA-9001-2015_CERTIFICATE_AR-O237703.pdf\">CERTIFICACI\u00d3N<\/a><\/h3>\n        <\/div>\n\t\t            <div class=\"fw-iconbox__text\">\n                <div>ISO 9001:2015<\/div>\n            <\/div>\n\t\t    <\/div>\n<\/div>    <\/div>\n<\/div>\n<\/div>\n\n<div class=\"row\">\n\t<div class=\"col-md-12       \" >\n    <div style=\" margin: ; padding: ;\">\n\t\n\n    <div class=\"fw-divider__space-10x  \"><\/div>\n    <\/div>\n<\/div>\n<\/div>\n\n\t\t\t\t        <\/div>\n\t    <\/div>\n<\/section>\n<section class=\"fw-main-row  \"\n    style=\"background-color:;background-position: center center center;background-repeat: no-repeat;background-attachment:scroll;background-size:cover;\" >\n    <span class=\"bg-image-overlay\" style=\"background-color:; \"><\/span>\n    <div class=\"fw-container unyson_content\">\n\t\t            <div class=\"container\">\n\t\t\t\t\t\t\t\t<div class=\"row\">\n\t<div class=\"col-md-12       \" >\n    <div style=\" margin: ; padding: ;\">\n\t<div class=\"shortcode-widget-area \"><\/div>\n    <\/div>\n<\/div>\n<\/div>\n\n<div class=\"row\">\n\t<div class=\"col-md-12       \" >\n    <div style=\" margin: ; padding: ;\">\n\t<div class=\"shortcode-widget-area \"><\/div>\n    <\/div>\n<\/div>\n<\/div>\n\n\t\t\t\t        <\/div>\n\t    <\/div>\n<\/section>\n<\/p>\n","protected":false},"excerpt":{"rendered":"<p>En Oiltech Ingenier\u00eda y Proyectos S.R.L. respondemos a los requerimientos del mercado Nacional e Internacional en mec\u00e1nica de precisi\u00f3n prestando servicios de montaje y mantenimiento<\/p>\n","protected":false},"author":1,"featured_media":0,"parent":990,"menu_order":0,"comment_status":"closed","ping_status":"closed","template":"","meta":{"footnotes":""},"_links":{"self":[{"href":"https:\/\/oiltech.com.ar\/es\/wp-json\/wp\/v2\/pages\/1029"}],"collection":[{"href":"https:\/\/oiltech.com.ar\/es\/wp-json\/wp\/v2\/pages"}],"about":[{"href":"https:\/\/oiltech.com.ar\/es\/wp-json\/wp\/v2\/types\/page"}],"author":[{"embeddable":true,"href":"https:\/\/oiltech.com.ar\/es\/wp-json\/wp\/v2\/users\/1"}],"replies":[{"embeddable":true,"href":"https:\/\/oiltech.com.ar\/es\/wp-json\/wp\/v2\/comments?post=1029"}],"version-history":[{"count":37,"href":"https:\/\/oiltech.com.ar\/es\/wp-json\/wp\/v2\/pages\/1029\/revisions"}],"predecessor-version":[{"id":1750,"href":"https:\/\/oiltech.com.ar\/es\/wp-json\/wp\/v2\/pages\/1029\/revisions\/1750"}],"up":[{"embeddable":true,"href":"https:\/\/oiltech.com.ar\/es\/wp-json\/wp\/v2\/pages\/990"}],"wp:attachment":[{"href":"https:\/\/oiltech.com.ar\/es\/wp-json\/wp\/v2\/media?parent=1029"}],"curies":[{"name":"wp","href":"https:\/\/api.w.org\/{rel}","templated":true}]}}