{"id":1056,"date":"2020-04-25T18:52:03","date_gmt":"2020-04-25T21:52:03","guid":{"rendered":"http:\/\/oiltech.com.ar\/?page_id=1056"},"modified":"2021-08-02T20:49:39","modified_gmt":"2021-08-02T23:49:39","slug":"servicios-industriales","status":"publish","type":"page","link":"https:\/\/oiltech.com.ar\/es\/unidades-de-negocios\/servicios-industriales\/","title":{"rendered":"Servicios Industriales"},"content":{"rendered":"<section class=\"fw-main-row  bg-content-background \"\n     >\n    <span class=\"bg-image-overlay bg-\" style=\" \"><\/span>\n    <div class=\"fw-container unyson_content\">\n\t\t            <div class=\"container\">\n\t\t\t\t\t\t\t\t<div class=\"row\">\n\t<div class=\"col-md-12       \" >\n    <div style=\" margin: ; padding: ;\">\n\t\n\n    <div class=\"fw-divider__space-10x  \"><\/div>\n    <\/div>\n<\/div>\n<\/div>\n\n<div class=\"row\">\n\t<div class=\"col-md-12       \" >\n    <div style=\" margin: ; padding: ;\">\n\t<span class=\"unyson-media-image\"><img src=\"https:\/\/oiltech.com.ar\/wp-content\/uploads\/2020\/06\/Servicios-Industriales-1920x300-1-1920x300.jpg\" alt=\"https:\/\/oiltech.com.ar\/wp-content\/uploads\/2020\/06\/Servicios-Industriales-1920x300-1-1920x300.jpg\" width=\"1920\" height=\"300\" \/><\/span>    <\/div>\n<\/div>\n<\/div>\n\n<div class=\"row\">\n\t<div class=\"col-md-12       \" >\n    <div style=\" margin: ; padding: ;\">\n\t\n\n    <div class=\"fw-divider__space-10x  \"><\/div>\n    <\/div>\n<\/div>\n<\/div>\n\n<div class=\"row\">\n\t<div class=\"col-md-12       \" >\n    <div style=\" margin: ; padding: ;\">\n\t<p style=\"color: #30355d;\">Oiltech Ingenier\u00eda y Proyectos S.R.L. respondiendo a las necesidades del mercado y respaldado en su experticia t\u00e9cnica en diferentes industrias, ofrece soluciones integrales a la medida para mantener operativo el proceso productivo del cliente.<\/p><div style=\"color: #0eb0ee;\"><div class=\"row\"><div class=\"col-md-8\"><strong>EQUIPOS ROTATIVOS<\/strong><\/p><ul><li>Confecci\u00f3n y an\u00e1lisis de planes estrat\u00e9gicos de mantenimiento de compresores a gas, bombas, ventiladores radiales y axiales.<\/li><li>Diagn\u00f3stico de elementos pertenecientes al entorno del equipo (soportes, estudio de stress de ca\u00f1er\u00edas, vibraciones, etc.).<\/li><li>Diagn\u00f3stico de problemas de operaci\u00f3n.<\/li><li>An\u00e1lisis de vibraciones en compresores, reductores, ventiladores, turbinas y bombas.<\/li><li>Balanceo de ventiladores axiales, centr\u00edfugos y mixtos.<\/li><li>Balanceo de rotores.<\/li><li>Ensayos, puesta a punto y control operativo.<\/li><\/ul><p><strong>DISE\u00d1O, MONTAJE Y MANTENIMIENTO DE INSTALACIONES MEC\u00c1NICAS<\/strong><\/p><ul><li>Mantenimiento predictivo, preventivo y correctivo de equipos mec\u00e1nicos<\/li><li>Fabricaci\u00f3n y montaje de tanques y equipos sometidos a presi\u00f3n<\/li><li>Montaje nivelaci\u00f3n y alineaci\u00f3n de equipos mec\u00e1nicos<\/li><li>Fabricaci\u00f3n y montaje de estructuras met\u00e1licas (soportes\/pasarelas\/tinglados)<\/li><li>Montaje y mantenimiento de Puentes Gr\u00faas<\/li><li>Dise\u00f1o e instalaci\u00f3n de equipos de transporte de materiales: Elevadores a cangilones, cintas transportadoras, redlers, sinfines.<\/li><\/ul><p><strong>FABRICACI\u00d3N Y MONTAJE DE CA\u00d1ER\u00cdAS<\/strong><\/p><ul><li>Fabricaci\u00f3n, montaje, ensayos y pruebas de ca\u00f1er\u00edas de acero al carbono<\/li><li>Fabricaci\u00f3n, montaje, ensayos y pruebas de ca\u00f1er\u00edas de acero inoxidable<\/li><li>Fabricaci\u00f3n, montaje, ensayos y pruebas de ca\u00f1er\u00edas de acero aleado<\/li><\/ul><\/div><div class=\"col-md-4\"><img class=\"alignright wp-image-1735\" src=\"https:\/\/oiltech.com.ar\/wp-content\/uploads\/2021\/07\/servicios_industriales_1.jpg\" alt=\"Obrero soldando\" class=\"img-responsive\" \/><\/div><\/div><p><strong>MANTENIMIENTO DE INSTALACIONES EL\u00c9CTRICAS<\/strong><\/p><div class=\"row\"><div class=\"col-md-8\"><ul><li>Mantenimiento general de instalaciones el\u00e9ctricas en plantas e industrias.<\/li><li>Gesti\u00f3n de mantenimiento preventivo y predictivo de Sistemas El\u00e9ctricos de Potencia, Automatizaci\u00f3n y Control de Procesos.<\/li><li>Mantenimiento de software y hardware de Controladores L\u00f3gicos Programables (PLC).<\/li><li>Termograf\u00eda infrarroja para el diagn\u00f3stico, mantenimiento predictivo y preventivo de puntos cr\u00edticos de una instalaci\u00f3n el\u00e9ctrica.<\/li><li>Evaluaci\u00f3n de instalaciones existentes, balances de cargas, ajuste y correcci\u00f3n de FP.<\/li><li>Evaluaci\u00f3n de l\u00edneas de producci\u00f3n, agregando de controles electr\u00f3nicos a los procesos existentes para hacerlos m\u00e1s eficientes.<\/li><li>Protocolo para la Medici\u00f3n del valor de puesta a tierra y la verificaci\u00f3n de la continuidad de las masas en el Ambiente Laboral.<\/li><\/ul><p>\t\t<strong>DISE\u00d1O Y MONTAJE DE INSTALACIONES EL\u00c9CTRICAS<\/strong><\/p><ul><li>Dise\u00f1o, confecci\u00f3n, instalaci\u00f3n y puesta en marcha de tableros el\u00e9ctricos.<\/li><li>Dise\u00f1o, instalaci\u00f3n y puesta en marcha de software de supervenci\u00f3n y control para sistemas automatizados.<\/li><li>Dise\u00f1o e instalaci\u00f3n de sistemas de puesta a tierra.<\/li><li>Dimensionamiento y c\u00e1lculos de diagramas de isolux adecuadas a la necesidad de iluminaci\u00f3n del cliente.<\/li><li>Dise\u00f1o, instalaci\u00f3n y puesta en servicio de Instrumentaci\u00f3n y Control de Procesos.<\/li><li>Tendido y montaje de l\u00edneas de media y baja tensi\u00f3n.<\/li><li>Instalaci\u00f3n de canalizaciones, bandejas, ca\u00f1er\u00edas, tendido y conexionado de cables de potencia y maniobra.<\/li><li>Instalaci\u00f3n de grupos electr\u00f3genos, Inverters, UPS, y equipamiento aut\u00f3nomo.<\/li><li>Instalaci\u00f3n y puesta en marcha de iluminaci\u00f3n deportiva, locales comerciales, alumbrado p\u00fablico y espacios verdes.<\/li><li>Instalaci\u00f3n de Sistemas de control y distribuci\u00f3n, automatizaci\u00f3n de m\u00e1quinas, herramientas y de producci\u00f3n. Controladores l\u00f3gicos (PLC) y tendidos en lazo de control.<\/li><\/ul><\/div><div class=\"col-md-4\">\t\t<img class=\"alignright wp-image-1734\" src=\"https:\/\/oiltech.com.ar\/wp-content\/uploads\/2021\/07\/servicios_industriales_2.jpg\" alt=\"Obrero en tablero electrico\" class=\"img-responsive\" \/>\t<\/div><\/div><p><strong>CAPACITACI\u00d3N Y ADIESTRAMIENTO:<\/strong><\/p><p>Ofrecemos un calendario de Cursos Te\u00f3rico Pr\u00e1cticos que permiten aprender, afianzar y desarrollar las mejores pr\u00e1cticas de Mantenimiento Industrial.<\/p><ul><li>An\u00e1lisis y diagn\u00f3stico de fallas el\u00e9ctricas.<\/li><li>Introducci\u00f3n a la Electricidad industrial.<\/li><li>Operaci\u00f3n y Mantenimiento de Grupos Electr\u00f3genos Diesel.<\/li><li>Instrumentaci\u00f3n Industrial para Operadores.<\/li><li>B\u00e1sico de Instrumentaci\u00f3n Industrial.<\/li><li>Metrolog\u00eda.<\/li><li>Lectura e Interpretaci\u00f3n de Planos de Procesos e Instrumentaci\u00f3n.<\/li><li>Alineaci\u00f3n y Balanceo de Rotores<\/li><li>Mantenimiento Programado en Plantas de Acopio<\/li><li>Fundamentos de Lubricaci\u00f3n Industrial<\/li><li>Bombas Centrifugas (Selecci\u00f3n, aplicaciones y operaci\u00f3n)<\/li><li>Gesti\u00f3n Integral de Mantenimiento<\/li><li>Alineaci\u00f3n de maquinaria Rotativa.<\/li><li>Confiabilidad aplicada<\/li><li>Ventiladores industriales (Selecci\u00f3n, aplicaciones y operaci\u00f3n)<\/li><li>M\u00e9todos de mantenimiento predictivo - vibraciones<\/li><li>Mantenimiento en plantas aceiteras.<\/li><li>Sistema de control y de informaci\u00f3n de mantenimiento.<\/li><li>Alineaci\u00f3n y Balanceo de Rotores.<\/li><\/ul><\/div>\n\n    <div class=\"fw-divider__space-30x  \"><\/div>\n    <\/div>\n<\/div>\n<\/div>\n\n<div class=\"row\">\n\t<div class=\"col-md-12       \" >\n    <div style=\" margin: ; padding: ;\">\n\t\n\n    <div class=\"fw-divider__space-10x  \"><\/div>\n    <\/div>\n<\/div>\n<\/div>\n\n<div class=\"row\">\n\t<div class=\"col-md-12       \" >\n    <div style=\" margin: ; padding: ;\">\n\t\n\n    <div class=\"fw-divider__space-10x  \"><\/div>\n    <\/div>\n<\/div>\n<\/div>\n\n\t\t\t\t        <\/div>\n\t    <\/div>\n<\/section>\n\n","protected":false},"excerpt":{"rendered":"<p>Oiltech Ingenier\u00eda y Proyectos S.R.L. respondiendo a las necesidades del mercado y respaldado en su experticia t\u00e9cnica en diferentes industrias, ofrece soluciones integrales a la<\/p>\n","protected":false},"author":1,"featured_media":0,"parent":990,"menu_order":0,"comment_status":"closed","ping_status":"closed","template":"","meta":{"footnotes":""},"_links":{"self":[{"href":"https:\/\/oiltech.com.ar\/es\/wp-json\/wp\/v2\/pages\/1056"}],"collection":[{"href":"https:\/\/oiltech.com.ar\/es\/wp-json\/wp\/v2\/pages"}],"about":[{"href":"https:\/\/oiltech.com.ar\/es\/wp-json\/wp\/v2\/types\/page"}],"author":[{"embeddable":true,"href":"https:\/\/oiltech.com.ar\/es\/wp-json\/wp\/v2\/users\/1"}],"replies":[{"embeddable":true,"href":"https:\/\/oiltech.com.ar\/es\/wp-json\/wp\/v2\/comments?post=1056"}],"version-history":[{"count":28,"href":"https:\/\/oiltech.com.ar\/es\/wp-json\/wp\/v2\/pages\/1056\/revisions"}],"predecessor-version":[{"id":1762,"href":"https:\/\/oiltech.com.ar\/es\/wp-json\/wp\/v2\/pages\/1056\/revisions\/1762"}],"up":[{"embeddable":true,"href":"https:\/\/oiltech.com.ar\/es\/wp-json\/wp\/v2\/pages\/990"}],"wp:attachment":[{"href":"https:\/\/oiltech.com.ar\/es\/wp-json\/wp\/v2\/media?parent=1056"}],"curies":[{"name":"wp","href":"https:\/\/api.w.org\/{rel}","templated":true}]}}