{"id":1076,"date":"2020-04-25T19:12:16","date_gmt":"2020-04-25T22:12:16","guid":{"rendered":"http:\/\/oiltech.com.ar\/?page_id=1076"},"modified":"2020-06-07T18:34:25","modified_gmt":"2020-06-07T21:34:25","slug":"ingenieria-y-consultoria","status":"publish","type":"page","link":"https:\/\/oiltech.com.ar\/es\/unidades-de-negocios\/ingenieria-y-consultoria\/","title":{"rendered":"Ingenier\u00eda &#038; Consultor\u00eda"},"content":{"rendered":"<section class=\"fw-main-row  \"\n    style=\"background-color:;background-position: center center center;background-repeat: no-repeat;background-attachment:scroll;background-size:cover;\" >\n    <span class=\"bg-image-overlay\" style=\"background-color:; \"><\/span>\n    <div class=\"fw-container unyson_content\">\n\t\t            <div class=\"container\">\n\t\t\t\t\t\t\t\t<div class=\"row\">\n\t<div class=\"col-md-12       \" >\n    <div style=\" margin: ; padding: ;\">\n\t\n\n    <div class=\"fw-divider__space-10x  \"><\/div>\n    <\/div>\n<\/div>\n<\/div>\n\n<div class=\"row\">\n\t<div class=\"col-md-12       \" >\n    <div style=\" margin: ; padding: ;\">\n\t<span class=\"unyson-media-image\"><img src=\"https:\/\/oiltech.com.ar\/wp-content\/uploads\/2020\/06\/Ingenieria-y-Consultoria-1920x300-1-1920x300.jpg\" alt=\"https:\/\/oiltech.com.ar\/wp-content\/uploads\/2020\/06\/Ingenieria-y-Consultoria-1920x300-1-1920x300.jpg\" width=\"1920\" height=\"300\" \/><\/span>    <\/div>\n<\/div>\n<\/div>\n\n<div class=\"row\">\n\t<div class=\"col-md-12       \" >\n    <div style=\" margin: ; padding: ;\">\n\t\n\n    <div class=\"fw-divider__space-10x  \"><\/div>\n    <\/div>\n<\/div>\n<\/div>\n\n<div class=\"row\">\n\t<div class=\"col-md-12       \" >\n    <div style=\" margin: ; padding: ;\">\n\t<p style=\"color: #30355d;\">En Oiltech Ingenier\u00eda y Proyectos S.R.L. el \u00e1rea de Ingenier\u00eda y consultor\u00eda no es independiente de las dem\u00e1s \u00e1reas, ya que en esta se apoyan todas las unidades de negocio para complementarse y prestar un servicio integral. Es uno de los bastiones de la empresa, debido a la experiencia adquirida y desarrollada por m\u00e1s de una d\u00e9cada en dise\u00f1o y c\u00e1lculo bajo normas nacionales e internacionales como son ASME, API, CIRSOC, NAG, IRAM.<br \/>Esta unidad de negocio est\u00e1 constituida por diferentes \u00e1reas formando un grupo multidisciplinario de profesionales que interpreta las necesidades del cliente y las traduce en un producto de verdadero valor agregado.<\/p><div style=\"color: #0eb0ee;\">Contamos con profesionales en las \u00e1reas de:<\/p><ul><li>Ingenier\u00eda Mec\u00e1nica.<\/li><li>Ingenier\u00eda Civil.<\/li><li>Ingenier\u00eda El\u00e9ctrica.<\/li><li>Ingenier\u00eda Electr\u00f3nica y Automatizaci\u00f3n.<\/li><li>Ingenier\u00eda de Instrumentaci\u00f3n y Control de Procesos.<\/li><li>Ingenier\u00eda de Gas y Petr\u00f3leo.<\/li><li>Ingenier\u00eda de Riesgos.<\/li><li>Ingenier\u00eda Petroqu\u00edmica.<\/li><li>Ingenier\u00eda Industrial.<\/li><li>Ingenier\u00eda de Mantenimiento y Confiabilidad.<\/li><li>Administraci\u00f3n de Proyectos.<\/li><\/ul><p>Oiltech Ingenier\u00eda y Proyectos S.R.L. te ofrece soluciones integrales con una modalidad <em>LLAVE EN MANO<\/em>. Ejecuta cada una de las fases que el cliente necesita; lo acompa\u00f1a desde la Ingenier\u00eda B\u00e1sica hasta la Ingenier\u00eda de Detalle, realizando la Gesti\u00f3n Integral del Proyecto de Ingenier\u00eda.<\/div>\n\n    <div class=\"fw-divider__space-30x  \"><\/div>\n    <\/div>\n<\/div>\n<\/div>\n\n<div class=\"row\">\n\t<div class=\"col-md-12       \" >\n    <div style=\" margin: ; padding: ;\">\n\t\n\n    <div class=\"fw-divider__space-10x  \"><\/div>\n    <\/div>\n<\/div>\n<\/div>\n\n\t\t\t\t        <\/div>\n\t    <\/div>\n<\/section>\n\n","protected":false},"excerpt":{"rendered":"<p>En Oiltech Ingenier\u00eda y Proyectos S.R.L. el \u00e1rea de Ingenier\u00eda y consultor\u00eda no es independiente de las dem\u00e1s \u00e1reas, ya que en esta se apoyan<\/p>\n","protected":false},"author":1,"featured_media":0,"parent":990,"menu_order":0,"comment_status":"closed","ping_status":"closed","template":"","meta":{"footnotes":""},"_links":{"self":[{"href":"https:\/\/oiltech.com.ar\/es\/wp-json\/wp\/v2\/pages\/1076"}],"collection":[{"href":"https:\/\/oiltech.com.ar\/es\/wp-json\/wp\/v2\/pages"}],"about":[{"href":"https:\/\/oiltech.com.ar\/es\/wp-json\/wp\/v2\/types\/page"}],"author":[{"embeddable":true,"href":"https:\/\/oiltech.com.ar\/es\/wp-json\/wp\/v2\/users\/1"}],"replies":[{"embeddable":true,"href":"https:\/\/oiltech.com.ar\/es\/wp-json\/wp\/v2\/comments?post=1076"}],"version-history":[{"count":11,"href":"https:\/\/oiltech.com.ar\/es\/wp-json\/wp\/v2\/pages\/1076\/revisions"}],"predecessor-version":[{"id":1254,"href":"https:\/\/oiltech.com.ar\/es\/wp-json\/wp\/v2\/pages\/1076\/revisions\/1254"}],"up":[{"embeddable":true,"href":"https:\/\/oiltech.com.ar\/es\/wp-json\/wp\/v2\/pages\/990"}],"wp:attachment":[{"href":"https:\/\/oiltech.com.ar\/es\/wp-json\/wp\/v2\/media?parent=1076"}],"curies":[{"name":"wp","href":"https:\/\/api.w.org\/{rel}","templated":true}]}}