{"id":1078,"date":"2020-04-25T19:13:30","date_gmt":"2020-04-25T22:13:30","guid":{"rendered":"http:\/\/oiltech.com.ar\/?page_id=1078"},"modified":"2020-06-30T15:22:02","modified_gmt":"2020-06-30T18:22:02","slug":"oil-gas","status":"publish","type":"page","link":"https:\/\/oiltech.com.ar\/es\/unidades-de-negocios\/oil-gas\/","title":{"rendered":"Oil &#038; Gas"},"content":{"rendered":"<section class=\"fw-main-row  \"\n    style=\"background-color:;background-position: center center center;background-repeat: no-repeat;background-attachment:scroll;background-size:cover;\" >\n    <span class=\"bg-image-overlay\" style=\"background-color:; \"><\/span>\n    <div class=\"fw-container unyson_content\">\n\t\t            <div class=\"container\">\n\t\t\t\t\t\t\t\t<div class=\"row\">\n\t<div class=\"col-md-12       \" >\n    <div style=\" margin: ; padding: ;\">\n\t\n\n    <div class=\"fw-divider__space-10x  \"><\/div>\n    <\/div>\n<\/div>\n<\/div>\n\n<div class=\"row\">\n\t<div class=\"col-md-12       \" >\n    <div style=\" margin: ; padding: ;\">\n\t<span class=\"unyson-media-image\"><img src=\"https:\/\/oiltech.com.ar\/wp-content\/uploads\/2020\/06\/Oil-y-Gas-1920x300-1-1920x300.jpg\" alt=\"https:\/\/oiltech.com.ar\/wp-content\/uploads\/2020\/06\/Oil-y-Gas-1920x300-1-1920x300.jpg\" width=\"1920\" height=\"300\" \/><\/span>    <\/div>\n<\/div>\n<\/div>\n\n<div class=\"row\">\n\t<div class=\"col-md-12       \" >\n    <div style=\" margin: ; padding: ;\">\n\t\n\n    <div class=\"fw-divider__space-10x  \"><\/div>\n    <\/div>\n<\/div>\n<\/div>\n\n<div class=\"row\">\n\t<div class=\"col-md-12       \" >\n    <div style=\" margin: ; padding: ;\">\n\t<p style=\"color: #30355d;\">Oiltech OIL&amp;GAS est\u00e1 enfocada en el negocio UPSTREAM (Geociencia\/Reservorio\/Perforaci\u00f3n\/Producci\u00f3n) en desarrollos ONSHORE\/OFFSHORE para yacimientos convencionales y no convencional.<\/p><div style=\"color: #0eb0ee;\"><p><strong>CONSULTOR\u00cdA ESPECIALIZADA<\/strong><\/p><p>Oiltech OIL&amp;GAS cuenta con consultores altamente calificados en Dise\u00f1o, Operaciones y Gerencia de Proyectos de perforaci\u00f3n en pozos verticales, horizontales, multilaterales, convencionales y no convencionales tanto Onshore como Offshore, con experiencia probada entre 11 y 25 a\u00f1os bajo las pr\u00e1cticas del concepto Well Integrity (Norsok D-010 y API RP 96).<\/p><p>Nuestros profesionales cuentan con Certificaci\u00f3n vigente en Control de Pozos (Well Sharp) OMI, HUET, manejo de H2S, entre otros, con experiencia internacional en Australia, Estados Unidos (West Texas), Rusia, Medio Oriente, Golfo de M\u00e9xico, Argentina, M\u00e9xico, Malasia y Venezuela.<\/p><ul><li>Suministro\/provisi\u00f3n de personal seg\u00fan la necesidad del cliente (Tailored Services).<\/li><li>Servicio de optimizaci\u00f3n de proyectos de perforaci\u00f3n Onshore and Offshore.<\/li><li>Servicio de control y seguimiento de fluidos de perforaci\u00f3n\/completaci\u00f3n y cementaci\u00f3n.<\/li><li>Servicio de calidad y control en taladro (Wellsite) de la perforaci\u00f3n. (Quality Control Drilling Services) (Quality Control Engineer\/Supervisor).<\/li><li>Servicio de inspecci\u00f3n y evaluaci\u00f3n de integridad mec\u00e1nica y operaci\u00f3n segura de los equipos de perforaci\u00f3n. (Inspecci\u00f3n Pre-Arranque).<\/li><li>Asesoramiento t\u00e9cnico en la elaboraci\u00f3n y Administraci\u00f3n de Contratos de Perforaci\u00f3n.<\/li><\/ul><p><strong><em>PARTE DE NUESTRO EQUIPO DE CONSULTORES:<\/em><\/strong><\/p><ul><li>Senior Drilling Supervisor.<\/li><li>Senior Drilling Engineer.<\/li><li>Drilling Fluid Specialist.<\/li><li>Cement Engineer Specialist.<\/li><li>Drilling Enviromentaly Specialist.<\/li><li>QHSE Senior Drilling Specialist.<\/li><li>Drilling Quiality Control Specialist.<\/li><li>Senior Production Engineer.<\/li><li>Senior Reservoir Engineer.<\/li><\/ul><p><strong>SERVICIOS DE INGENIER\u00cdA<\/strong><\/p><p>Provisi\u00f3n de Ingenier\u00eda en el \u00e1rea de perforaci\u00f3n y completaci\u00f3n de pozos Onshore\/Offshore aplicando la metodolog\u00eda de trabajo FEED (Front End Engineering Design) o VCD. Nuestros consultores trabajan con la Suite de perforaci\u00f3n Landmark (Wellcat\/CasingSeat\/StressCheck\/Compass\/Wellplan\/Openwell) as\u00ed como TDAS y otros.<\/p><ul><li>Estudio de Ingenier\u00eda VCD, realizaci\u00f3n de dise\u00f1o b\u00e1sico y programa de perforaci\u00f3n para una localizaci\u00f3n o cluster.<\/li><li>Servicio de aplicaci\u00f3n de software de Ingenier\u00eda para el dise\u00f1o de pozos Onshore and Offshore.<\/li><li>Servicio de inspecci\u00f3n y evaluaci\u00f3n de integridad mec\u00e1nica y operaci\u00f3n segura de los equipos de perforaci\u00f3n.<\/li><li>Servicio de gesti\u00f3n de proyectos asociados a la construcci\u00f3n del pozo o el plan de explotaci\u00f3n del reservorio.<\/li><li>Servicio de plan en log\u00edstica de perforaci\u00f3n onshore\/offshore.<\/li><li>Servicio de dise\u00f1o, selecci\u00f3n y corrida de completaci\u00f3n de pozos.<\/li><li>Optimizaci\u00f3n de completaci\u00f3n de pozos (Well Completion).<\/li><li>Servicio de tubing stress analysis para tubing de Completaci\u00f3n.<\/li><li>Estudio de factibilidad de aplicaci\u00f3n de Management Pressure Drilling (MPD).<\/li><li>Elaboraci\u00f3n de planes de contingencias en seguridad y ambiente.<\/li><\/ul><p><strong>SERVICIOS A POZOS EN PERFORACI\u00d3N Y PRODUCCI\u00d3N (WELLS OILFIELD DRILLING &amp; PRODUCTIONS SERVICES) <\/strong><\/p><p>Usando altos est\u00e1ndares de calidad y apoyado en una mano de obra altamente especializada Oiltech OIL&amp;GAS ofrece los servicios de campo necesarios para la producci\u00f3n de Hidrocarburos en Yacimientos Convencionales y No convencionales.<\/p><ul><li>Servicio de Prueba y Evaluaci\u00f3n de Pozos.<\/li><li>Servicio de Inspecci\u00f3n y reparaci\u00f3n de Tubulares de Perforaci\u00f3n (DP).<\/li><li>Servicio de Guaya fina y Guaya El\u00e9ctrica.<\/li><li>Servicio de Registro de desviaci\u00f3n (Single Shot\/Multi Shot).<\/li><li>Servicio de Alquiler de Equipos de Control de S\u00f3lidos (E.C.S).<\/li><li>Servicio de Monitoreo de Par\u00e1metros del Pozo en tiempo Real.<\/li><li>Servicio de transporte de flota liviana y pesada.<\/li><li>Servicio de camiones Vaccum.<\/li><li>Servicio de suministros de Campamentos.<\/li><li>Servicio de suministro para corridas de revestidores.<\/li><li>Servicio de Fill-Up Tool.<\/li><li>Servicio de Saneamiento ambiental.<\/li><li>Servicio de Fluidos de Perforaci\u00f3n.<\/li><li>Servicio de Cementaci\u00f3n.<\/li><li>Servicio de Perforaci\u00f3n Direccional.<\/li><li>Alquiler y Suministros de equipos para BHA.<\/li><\/ul><p><strong>CAPACITACI\u00d3N Y ENTRENAMIENTO<\/strong><\/p><p>Nuestros cursos de capacitaci\u00f3n t\u00e9cnica se distinguen por la calidad acad\u00e9mica que brindan, teniendo en cuenta la amplia experiencia con que contamos y los instructores de alto nivel y conocimiento de la materia con experiencia nacional e internacional.<\/p><p>Adem\u00e1s de nuestra oferta predefinida de cursos, cabe la posibilidad de adaptarlos a las necesidades de la empresa, ya sea en contenidos o tiempo de duraci\u00f3n. Ofreciendo la modalidad IN COMPANY.<\/p><p><strong><em>INGENIER\u00cdA Y OPERACIONES DE PERFORACI\u00d3N ONSHORE\/OFFSHORE.<\/em><\/strong><\/p><ul><li>Dise\u00f1o de pozos petroleros. (vertical\/inclinado\/horizontal\/multilaterales).<\/li><li>Ingenier\u00eda y operaciones de perforaci\u00f3n offshore.<\/li><li>Cementaci\u00f3n de pozos petroleros (primarias, secundarias).<\/li><li>Control de pozos nivel. b\u00e1sico\/intermedio\/avanzado.<\/li><li>Fluidos de perforaci\u00f3n b\u00e1sico y avanzado.<\/li><li>Fluidos de perforaci\u00f3n y estabilidad de hoyo.<\/li><li>Equipos de control de solidos (E.C.S.) y manejo de efluentes.<\/li><li>Reolog\u00eda, hidr\u00e1ulicas y mechas de perforaci\u00f3n.<\/li><li>Completaci\u00f3n y reacondicionamiento de pozos.<\/li><li>Fracturamiento y acidificaci\u00f3n.<\/li><li>Recuperaci\u00f3n mejorada por estimulaci\u00f3n en frio.<\/li><li>Control de arena en yacimientos no convencionales.<\/li><\/ul><p><strong><em>INGENIER\u00cdA DE GAS Y PETR\u00d3LEO<\/em><\/strong><\/p><ul><li>Introducci\u00f3n a la industria del petr\u00f3leo y gas.<\/li><li>Tratamiento y procesamiento del gas natural.<\/li><li>Producci\u00f3n y separaci\u00f3n de gas-petr\u00f3leo.<\/li><li>Plantas compresoras de gas natural.<\/li><li>Operaci\u00f3n y mantenimiento de compresores reciprocantes.<\/li><li>Ingenier\u00eda de gas (nivel i\/ii\/iii\/iv\/v\/vi).<\/li><li>Inducci\u00f3n a la industria de los hidrocarburos.<\/li><li>Introducci\u00f3n a los procesos de refinaci\u00f3n.<\/li><li>Procesamiento criog\u00e9nico del gas natural.<\/li><\/ul><p><strong><em>INGENIER\u00cdA DE RIESGOS<\/em><\/strong><\/p><ul><li>Introducci\u00f3n a la seguridad funcional.<\/li><li>An\u00e1lisis cuantitativo \/ cualitativo de riesgos.<\/li><li>An\u00e1lisis de peligros y operabilidad (HAZOP).<\/li><li>Niveles de integridad de seguridad (SIL).<\/li><li>An\u00e1lisis de peligros en procesos (PHA).<\/li><li>Lifecoach en prevenci\u00f3n.<\/li><li>Pr\u00e1cticas de trabajo seguro.<\/li><li>Protecci\u00f3n de Mano.<\/li><li>Investigaci\u00f3n de accidentes.<\/li><li>Trabajo en alturas-PTS.<\/li><li>Clima organizacional y seguridad industrial.<\/li><li>Liderazgo en seguridad-reto organizacional.<\/li><\/ul><\/div>\n\n    <div class=\"fw-divider__space-30x  \"><\/div>\n    <\/div>\n<\/div>\n<\/div>\n\n<div class=\"row\">\n\t<div class=\"col-md-12       \" >\n    <div style=\" margin: ; padding: ;\">\n\t\n\n    <div class=\"fw-divider__space-10x  \"><\/div>\n    <\/div>\n<\/div>\n<\/div>\n\n\t\t\t\t        <\/div>\n\t    <\/div>\n<\/section>\n\n","protected":false},"excerpt":{"rendered":"<p>Oiltech OIL&amp;GAS est\u00e1 enfocada en el negocio UPSTREAM (Geociencia\/Reservorio\/Perforaci\u00f3n\/Producci\u00f3n) en desarrollos ONSHORE\/OFFSHORE para yacimientos convencionales y no convencional.CONSULTOR\u00cdA ESPECIALIZADAOiltech OIL&amp;GAS cuenta con consultores altamente calificados<\/p>\n","protected":false},"author":1,"featured_media":0,"parent":990,"menu_order":0,"comment_status":"closed","ping_status":"closed","template":"","meta":{"footnotes":""},"_links":{"self":[{"href":"https:\/\/oiltech.com.ar\/es\/wp-json\/wp\/v2\/pages\/1078"}],"collection":[{"href":"https:\/\/oiltech.com.ar\/es\/wp-json\/wp\/v2\/pages"}],"about":[{"href":"https:\/\/oiltech.com.ar\/es\/wp-json\/wp\/v2\/types\/page"}],"author":[{"embeddable":true,"href":"https:\/\/oiltech.com.ar\/es\/wp-json\/wp\/v2\/users\/1"}],"replies":[{"embeddable":true,"href":"https:\/\/oiltech.com.ar\/es\/wp-json\/wp\/v2\/comments?post=1078"}],"version-history":[{"count":13,"href":"https:\/\/oiltech.com.ar\/es\/wp-json\/wp\/v2\/pages\/1078\/revisions"}],"predecessor-version":[{"id":1534,"href":"https:\/\/oiltech.com.ar\/es\/wp-json\/wp\/v2\/pages\/1078\/revisions\/1534"}],"up":[{"embeddable":true,"href":"https:\/\/oiltech.com.ar\/es\/wp-json\/wp\/v2\/pages\/990"}],"wp:attachment":[{"href":"https:\/\/oiltech.com.ar\/es\/wp-json\/wp\/v2\/media?parent=1078"}],"curies":[{"name":"wp","href":"https:\/\/api.w.org\/{rel}","templated":true}]}}