{"id":1129,"date":"2020-05-10T08:19:21","date_gmt":"2020-05-10T11:19:21","guid":{"rendered":"http:\/\/oiltech.com.ar\/?page_id=1129"},"modified":"2020-06-17T22:16:57","modified_gmt":"2020-06-18T01:16:57","slug":"gestion-integral-de-proyectos","status":"publish","type":"page","link":"https:\/\/oiltech.com.ar\/es\/unidades-de-negocios\/gestion-integral-de-proyectos\/","title":{"rendered":"Gesti\u00f3n Integral de Proyectos"},"content":{"rendered":"<section class=\"fw-main-row  bg-content-background \"\n     >\n    <span class=\"bg-image-overlay bg-\" style=\" \"><\/span>\n    <div class=\"fw-container unyson_content\">\n\t\t            <div class=\"container\">\n\t\t\t\t\t\t\t\t<div class=\"row\">\n\t<div class=\"col-md-12       \" >\n    <div style=\" margin: ; padding: ;\">\n\t\n\n    <div class=\"fw-divider__space-10x  \"><\/div>\n    <\/div>\n<\/div>\n<\/div>\n\n<div class=\"row\">\n\t<div class=\"col-md-12       \" >\n    <div style=\" margin: ; padding: ;\">\n\t<span class=\"unyson-media-image\"><img src=\"https:\/\/oiltech.com.ar\/wp-content\/uploads\/2020\/06\/Gestion-Integral-de-Proyectos-1920x300-1-1920x300.jpg\" alt=\"https:\/\/oiltech.com.ar\/wp-content\/uploads\/2020\/06\/Gestion-Integral-de-Proyectos-1920x300-1-1920x300.jpg\" width=\"1920\" height=\"300\" \/><\/span>    <\/div>\n<\/div>\n<\/div>\n\n<div class=\"row\">\n\t<div class=\"col-md-12       \" >\n    <div style=\" margin: ; padding: ;\">\n\t\n\n    <div class=\"fw-divider__space-10x  \"><\/div>\n    <\/div>\n<\/div>\n<\/div>\n\n<div class=\"row\">\n\t<div class=\"col-md-12       \" >\n    <div style=\" margin: ; padding: ;\">\n\t<p style=\"color: #30355d;\">La GESTI\u00d3N INTEGRAL DE PROYECTOS es globalizadora y genera identidad a la empresa aportando a todas las unidades de negocio la implementaci\u00f3n de las buenas pr\u00e1cticas de administraci\u00f3n y control de proyectos del PMI\u00ae (Project Management Institute).<\/p><div style=\"color: #0eb0ee;\"><strong>ESTUDIOS PRELIMINARES DE PROYECTOS<\/strong><\/p><ul><li>Documentaci\u00f3n de informaci\u00f3n preliminar del proyecto (alcance, tiempo, costo).<\/li><li>Evaluaciones econ\u00f3micas.<\/li><li>Estudios de factibilidad.<\/li><li>Indicadores de solidez del proyecto.<\/li><li>An\u00e1lisis de sensibilidad del proyecto.<\/li><li>Elaboraci\u00f3n de presupuestos.<\/li><li>Atenci\u00f3n personalizada en los lugares de trabajo.<\/li><\/ul><p><strong>PLANIFICACI\u00d3N, SEGUIMIENTO, CONTROL Y CIERRE DE PROYECTOS<\/strong><\/p><ul><li>Elaboraci\u00f3n de planes de trabajo, cronogramas e histogramas de proyecto.<\/li><li>Seguimiento y control peri\u00f3dico f\u00edsico y financiero.<\/li><li>Preparaci\u00f3n de informes de avance.<\/li><li>Cierre f\u00edsico y financiero de proyectos.<\/li><li>Para esto, utilizamos herramientas tales como MS Project y metodolog\u00edas como la Ruta Cr\u00edtica, Valor Ganado y An\u00e1lisis de Riesgos.<\/li><\/ul><p><strong>GESTI\u00d3N DE CONTRATOS Y RECLAMOS<\/strong><\/p><ul><li>Asesoramiento t\u00e9cnico en la elaboraci\u00f3n y administraci\u00f3n de contratos.<\/li><li>Gesti\u00f3n del alcance.<\/li><li>Control de cambios y adicionales.<\/li><li>Preparaci\u00f3n de reclamaciones contractuales y acompa\u00f1amiento en litigios entre partes.<\/li><\/ul><p><strong>PREPARACI\u00d3N IN-COMPANY E IMPLEMENTACI\u00d3N DE METODOLOG\u00cdAS EN DIRECCI\u00d3N DE PROYECTOS<\/strong><\/p><ul><li>Capacitaciones en mejores pr\u00e1cticas y herramientas de Direcci\u00f3n de Proyectos en formato flexible a las caracter\u00edsticas y necesidades de los clientes.<\/li><li>Adaptaci\u00f3n de las mejores pr\u00e1cticas en Direcci\u00f3n de Proyectos a las necesidades y caracter\u00edsticas de los clientes y sus proyectos.<\/li><\/ul><p><strong>GESTI\u00d3N DE PROYECTOS LLAVE EN MANO<\/strong><\/p><ul><li>Definici\u00f3n de proyecto, estudio de factibilidad, planificaci\u00f3n, elaboraci\u00f3n de ingenier\u00eda, selecci\u00f3n de proveedores, direcci\u00f3n de obra, cierre del proyecto.<\/li><li>Provisi\u00f3n de profesionales capacitados con experiencia en las distintas \u00e1reas de influencia.<\/li><\/ul><p><strong>CAPACITACIONES EN DIRECCI\u00d3N DE PROYECTOS<\/strong><\/p><p>Ofrecemos un calendario de Cursos Te\u00f3rico Pr\u00e1cticos que permiten aprender, afianzar y desarrollar las mejores pr\u00e1cticas del Project Management Institute (PMI)\u00ae.<\/p><ul><li>Planificaci\u00f3n y Control de Proyectos<\/li><li>MS Project como Herramienta para la Administraci\u00f3n y Gesti\u00f3n de Proyectos.<\/li><li>Gesti\u00f3n de Proyectos bajo Metodolog\u00eda PMI \u00ae<\/li><li>Planificaci\u00f3n y Control de Proyectos con Project.<\/li><li>Estimaci\u00f3n de Costos y An\u00e1lisis de Precios Unitarios (APU) para Proyectos y Obras<\/li><\/ul><\/div>\n\n    <div class=\"fw-divider__space-30x  \"><\/div>\n    <\/div>\n<\/div>\n<\/div>\n\n<div class=\"row\">\n\t<div class=\"col-md-12       \" >\n    <div style=\" margin: ; padding: ;\">\n\t\n\n    <div class=\"fw-divider__space-10x  \"><\/div>\n    <\/div>\n<\/div>\n<\/div>\n\n\t\t\t\t        <\/div>\n\t    <\/div>\n<\/section>\n\n","protected":false},"excerpt":{"rendered":"<p>La GESTI\u00d3N INTEGRAL DE PROYECTOS es globalizadora y genera identidad a la empresa aportando a todas las unidades de negocio la implementaci\u00f3n de las buenas<\/p>\n","protected":false},"author":1,"featured_media":0,"parent":990,"menu_order":0,"comment_status":"closed","ping_status":"closed","template":"","meta":{"footnotes":""},"_links":{"self":[{"href":"https:\/\/oiltech.com.ar\/es\/wp-json\/wp\/v2\/pages\/1129"}],"collection":[{"href":"https:\/\/oiltech.com.ar\/es\/wp-json\/wp\/v2\/pages"}],"about":[{"href":"https:\/\/oiltech.com.ar\/es\/wp-json\/wp\/v2\/types\/page"}],"author":[{"embeddable":true,"href":"https:\/\/oiltech.com.ar\/es\/wp-json\/wp\/v2\/users\/1"}],"replies":[{"embeddable":true,"href":"https:\/\/oiltech.com.ar\/es\/wp-json\/wp\/v2\/comments?post=1129"}],"version-history":[{"count":8,"href":"https:\/\/oiltech.com.ar\/es\/wp-json\/wp\/v2\/pages\/1129\/revisions"}],"predecessor-version":[{"id":1507,"href":"https:\/\/oiltech.com.ar\/es\/wp-json\/wp\/v2\/pages\/1129\/revisions\/1507"}],"up":[{"embeddable":true,"href":"https:\/\/oiltech.com.ar\/es\/wp-json\/wp\/v2\/pages\/990"}],"wp:attachment":[{"href":"https:\/\/oiltech.com.ar\/es\/wp-json\/wp\/v2\/media?parent=1129"}],"curies":[{"name":"wp","href":"https:\/\/api.w.org\/{rel}","templated":true}]}}