{"id":1150,"date":"2020-05-10T08:37:41","date_gmt":"2020-05-10T11:37:41","guid":{"rendered":"http:\/\/oiltech.com.ar\/?page_id=1150"},"modified":"2021-07-26T20:12:40","modified_gmt":"2021-07-26T23:12:40","slug":"energias-renovables","status":"publish","type":"page","link":"https:\/\/oiltech.com.ar\/es\/unidades-de-negocios\/energias-renovables\/","title":{"rendered":"Energ\u00edas Renovables"},"content":{"rendered":"<p><section class=\"fw-main-row  bg-content-background \"\n     >\n    <span class=\"bg-image-overlay bg-\" style=\" \"><\/span>\n    <div class=\"fw-container unyson_content\">\n\t\t            <div class=\"container\">\n\t\t\t\t\t\t\t\t<div class=\"row\">\n\t<div class=\"col-md-12       \" >\n    <div style=\" margin: ; padding: ;\">\n\t\n\n    <div class=\"fw-divider__space-10x  \"><\/div>\n    <\/div>\n<\/div>\n<\/div>\n\n<div class=\"row\">\n\t<div class=\"col-md-12       \" >\n    <div style=\" margin: ; padding: ;\">\n\t<span class=\"unyson-media-image\"><img src=\"https:\/\/oiltech.com.ar\/wp-content\/uploads\/2020\/06\/Energias-Renovables-1920x300-1-1920x300.jpg\" alt=\"https:\/\/oiltech.com.ar\/wp-content\/uploads\/2020\/06\/Energias-Renovables-1920x300-1-1920x300.jpg\" width=\"1920\" height=\"300\" \/><\/span>    <\/div>\n<\/div>\n<\/div>\n\n<div class=\"row\">\n\t<div class=\"col-md-12       \" >\n    <div style=\" margin: ; padding: ;\">\n\t\n\n    <div class=\"fw-divider__space-10x  \"><\/div>\n    <\/div>\n<\/div>\n<\/div>\n\n<div class=\"row\">\n\t<div class=\"col-md-12       \" >\n    <div style=\" margin: ; padding: ;\">\n\t\n\n    <div class=\"fw-divider__space-30x  \"><\/div>\n<p style=\"color: #30355d;\">Oiltech Ingenier\u00eda y Proyectos S.R.L. apostando a la evoluci\u00f3n global y al desarrollo tecnol\u00f3gico; cuenta con todo lo necesario para materializar PROYECTOS LLAVE EN MANO de CENTRALES DE GENERACI\u00d3N EL\u00c9CTRICA con FUENTES DE ENERG\u00cdA RENOVABLES.<\/p><div style=\"color: #0eb0ee;\"><p><strong>BIOMASA<\/strong><\/p><p>La biomasa es la \u00fanica fuente de energ\u00eda que aporta un balance de CO<sub>2<\/sub> favorable, siempre y cuando la obtenci\u00f3n de la biomasa se realice de una forma renovable y sostenible, de manera que el consumo del recurso se haga m\u00e1s lentamente que la capacidad de la Tierra para regenerarse.<\/p><p>De esta manera, la materia org\u00e1nica es capaz de retener durante su crecimiento m\u00e1s CO<sub>2<\/sub> del que libera en su combusti\u00f3n, sin incrementar la concentraci\u00f3n de CO<sub>2<\/sub>.<br \/><img class=\"alignright wp-image-1711\" src=\"https:\/\/oiltech.com.ar\/wp-content\/uploads\/2021\/07\/energias_renovables_1.jpg\" alt=\"\" width=\"450\" height=\"253\" \/><br \/>CENTRAL DE BIOMASA es una instalaci\u00f3n industrial dise\u00f1ada para generar energ\u00eda el\u00e9ctrica a partir de recursos org\u00e1nicos que provienen de los \u00e1rboles.<\/p><p>Debe disponer de un sistema de pretratamiento de biomasa, cuyos fines principales son la disminuci\u00f3n de la humedad que contiene, la adecuaci\u00f3n del tama\u00f1o y la uniformidad de la biomasa, al objeto de uniformizar las condiciones de entrada en la caldera y conseguir la mayor eficiencia del sistema de combusti\u00f3n.<\/p><p>Una vez liberada la energ\u00eda t\u00e9rmica en un horno apropiado, los gases liberados en la combusti\u00f3n intercambian su calor en una caldera por la que circula agua, y que es convertida normalmente en vapor a una determinada presi\u00f3n y temperatura.<\/p><p>El vapor a presi\u00f3n formado en la caldera es transportado entonces hasta una TURBINA, donde se expansiona, produci\u00e9ndose una nueva transformaci\u00f3n energ\u00e9tica. El eje de la turbina est\u00e1 conectado a un generador el\u00e9ctrico para la transformaci\u00f3n de la energ\u00eda mec\u00e1nica rotativa en energ\u00eda el\u00e9ctrica.<\/p><p>Oiltech Ingenier\u00eda y Proyectos S.R.L. cuenta la infraestructura necesaria para materializar un PROYECTO LLAVE EN MANO de CENTRALES DE BIOMASA permitiendo eliminar grandes concentraciones de residuos org\u00e1nicos que originan incendios forestales y quemas a cielo abierto.<\/p><p>Adem\u00e1s, dispone de un amplio KNOW-HOW en la asistencia, operaci\u00f3n y mantenimiento de CENTRALES DE BIOMASA.<\/p><p><strong>BIOG\u00c1S<img class=\"alignright wp-image-1713\" src=\"https:\/\/oiltech.com.ar\/wp-content\/uploads\/2021\/07\/chatas_oiltech-1024x768.jpg\" alt=\"\" width=\"450\" height=\"338\" \/><\/strong><\/p><p>La producci\u00f3n de Biog\u00e1s es una oportunidad de negocio \u00fanica enfocadas en la optimizaci\u00f3n de procesos productivos y en la necesidad de cuidar el medio ambiente de una forma rentable. Generando una nueva unidad de negocio a partir de los desechos org\u00e1nicos nuestro d\u00eda a d\u00eda, como de establecimientos porcinos, av\u00edcolas, tambos, feedlots y de la agroindustria en general.<\/p><p>El BIOG\u00c1S se obtiene de la descomposici\u00f3n en ausencia de ox\u00edgeno, provisto de condiciones \u00f3ptimas de temperatura y agitaci\u00f3n; donde las bacterias act\u00faan degradando la materia org\u00e1nica.<\/p><p>El BIOFERTILIZANTE es un subproducto l\u00edquido de la descomposici\u00f3n de la materia org\u00e1nica. Tambi\u00e9n llamado DIGESTATO es totalmente inodoro con un alto valor agron\u00f3mico, con caracter\u00edsticas mejoradas en comparaci\u00f3n con el material de partida y de excelente composici\u00f3n nutricional para ser aplicado directamente en los campos.<\/p><p>La COGENERACI\u00d3N es un sistema de alta eficiencia energ\u00e9tica, en el cual se obtiene simult\u00e1neamente energ\u00eda el\u00e9ctrica (electricidad) y energ\u00eda t\u00e9rmica (calor) a partir del BIOG\u00c1S.<\/p><p>La ELECTRICIDAD es generada por un motor de combusti\u00f3n interna o co-generador para ser consumida tanto en las instalaciones propias, como transmitida a la red nacional.<\/p><p>El CALOR se auto consume en el proceso de fermentaci\u00f3n y se puede utilizar para el calentamiento de diferentes instalaciones o incluso para un proceso industrial.<\/p><p>Oiltech Ingenier\u00eda y Proyectos S.R.L. cuenta con la infraestructura necesaria para materializar un PROYECTO LLAVE EN MANO de plantas de COGENERACI\u00d3N con BIOG\u00c1S que benefician a la econom\u00eda circular y al medio ambiente.<\/p><p>Adem\u00e1s, dispone de un amplio KNOW-HOW en la asistencia, operaci\u00f3n y mantenimiento de plantas de COGENERACI\u00d3N con BIOG\u00c1S.<\/p><p><strong>CAPACITACI\u00d3N Y ASESORAMIENTO T\u00c9CNICO ESPECIALIZADO<\/strong><\/p><p>Oiltech Ingenier\u00eda y Proyectos S.R.L. respaldada en la experiencia de sus integrantes, dispone de un amplio KNOW-HOW en PLANTAS DE GENERACI\u00d3N EL\u00c9CTRICA con FUENTES DE ENERG\u00cdA RENOVABLES, permitiendo ofrecer CAPACITACI\u00d3N Y ASESORAMIENTO T\u00c9CNICO ESPECIALIZADO a todos nuestros clientes y al p\u00fablico en general.<\/p><ul><li>Generaci\u00f3n El\u00e9ctrica de Energ\u00eda.<\/li><li>Fuentes de Energ\u00edas Renovables.<\/li><li>Tecnolog\u00edas de Conversi\u00f3n de La BIOMASA.<\/li><li>Operaci\u00f3n de Plantas de Generaci\u00f3n de Energ\u00eda con Grupos Electr\u00f3genos y Cogeneraci\u00f3n.<\/li><li>Mantenimiento de Plantas de Generaci\u00f3n de Energ\u00eda con Grupos Electr\u00f3genos y Cogeneraci\u00f3n.<\/li><li>Operaci\u00f3n de Plantas de BIOG\u00c1S.<\/li><li>Mantenimiento de Plantas de BIOG\u00c1S.<\/li><\/ul><\/div>\n\n    <div class=\"fw-divider__space-30x  \"><\/div>\n    <\/div>\n<\/div>\n<\/div>\n\n\t\t\t\t        <\/div>\n\t    <\/div>\n<\/section>\n<section class=\"fw-main-row  \"\n    style=\"background-color:;background-position: center center center;background-repeat: no-repeat;background-attachment:scroll;background-size:cover;\" >\n    <span class=\"bg-image-overlay\" style=\"background-color:; \"><\/span>\n    <div class=\"fw-container unyson_content\">\n\t\t            <div class=\"container\">\n\t\t\t\t\t\t\t\t<div class=\"row\">\n\t<div class=\"col-md-4       \" >\n    <div style=\" margin: ; padding: ;\">\n\t    <\/div>\n<\/div>\n<\/div>\n\n\t\t\t\t        <\/div>\n\t    <\/div>\n<\/section>\n<\/p>\n","protected":false},"excerpt":{"rendered":"<p>Oiltech Ingenier\u00eda y Proyectos S.R.L. apostando a la evoluci\u00f3n global y al desarrollo tecnol\u00f3gico; cuenta con todo lo necesario para materializar PROYECTOS LLAVE EN MANO<\/p>\n","protected":false},"author":1,"featured_media":0,"parent":990,"menu_order":0,"comment_status":"closed","ping_status":"closed","template":"","meta":{"footnotes":""},"_links":{"self":[{"href":"https:\/\/oiltech.com.ar\/es\/wp-json\/wp\/v2\/pages\/1150"}],"collection":[{"href":"https:\/\/oiltech.com.ar\/es\/wp-json\/wp\/v2\/pages"}],"about":[{"href":"https:\/\/oiltech.com.ar\/es\/wp-json\/wp\/v2\/types\/page"}],"author":[{"embeddable":true,"href":"https:\/\/oiltech.com.ar\/es\/wp-json\/wp\/v2\/users\/1"}],"replies":[{"embeddable":true,"href":"https:\/\/oiltech.com.ar\/es\/wp-json\/wp\/v2\/comments?post=1150"}],"version-history":[{"count":25,"href":"https:\/\/oiltech.com.ar\/es\/wp-json\/wp\/v2\/pages\/1150\/revisions"}],"predecessor-version":[{"id":1749,"href":"https:\/\/oiltech.com.ar\/es\/wp-json\/wp\/v2\/pages\/1150\/revisions\/1749"}],"up":[{"embeddable":true,"href":"https:\/\/oiltech.com.ar\/es\/wp-json\/wp\/v2\/pages\/990"}],"wp:attachment":[{"href":"https:\/\/oiltech.com.ar\/es\/wp-json\/wp\/v2\/media?parent=1150"}],"curies":[{"name":"wp","href":"https:\/\/api.w.org\/{rel}","templated":true}]}}