{"id":141,"date":"2020-03-22T19:50:47","date_gmt":"2020-03-22T22:50:47","guid":{"rendered":"http:\/\/oiltech.com.ar\/?page_id=141"},"modified":"2025-08-01T18:47:36","modified_gmt":"2025-08-01T21:47:36","slug":"empresa","status":"publish","type":"page","link":"https:\/\/oiltech.com.ar\/es\/empresa\/","title":{"rendered":"Empresa"},"content":{"rendered":"<p><section class=\"fw-main-row  bg-content-background \"\n     >\n    <span class=\"bg-image-overlay bg-\" style=\" \"><\/span>\n    <div class=\"fw-container-fluid unyson_fullwidth\">\n\t\t        <div class=\"container has-container\">\n\t\t\t\t\t\t\t<div class=\"row\">\n\t<div class=\"col-md-12       \" >\n    <div style=\" margin: ; padding: ;\">\n\t\n\n    <div class=\"fw-divider__space-30x  \"><\/div>\n    <\/div>\n<\/div>\n<\/div>\n\n<div class=\"row\">\n\t<div class=\"col-md-12       \" >\n    <div style=\" margin: ; padding: ;\">\n\t<span class=\"unyson-media-image\"><img src=\"https:\/\/oiltech.com.ar\/wp-content\/uploads\/2020\/06\/EMPRESA-1920x300-1-1920x300.jpg\" alt=\"https:\/\/oiltech.com.ar\/wp-content\/uploads\/2020\/06\/EMPRESA-1920x300-1-1920x300.jpg\" width=\"1920\" height=\"300\" \/><\/span>    <\/div>\n<\/div>\n<\/div>\n\n<div class=\"row\">\n\t<div class=\"col-md-12       \" >\n    <div style=\" margin: ; padding: ;\">\n\t\n\n    <div class=\"fw-divider__space-30x  \"><\/div>\n    <\/div>\n<\/div>\n<\/div>\n\n<div class=\"row\">\n\t<div class=\"col-md-12       \" >\n    <div style=\" margin: ; padding: ;\">\n\t<span class=\"unyson-media-image\"><img src=\"https:\/\/oiltech.com.ar\/wp-content\/uploads\/2025\/08\/oiltech_turbina_empresa_optimizada-1280x960.jpg\" alt=\"https:\/\/oiltech.com.ar\/wp-content\/uploads\/2025\/08\/oiltech_turbina_empresa_optimizada-1280x960.jpg\" width=\"1280\" height=\"960\" \/><\/span><h5>Fundada por un grupo de profesionales con experiencia desarrollada en empresas termoel\u00e9ctricas, metal\u00fargicas, agroindustriales, petroqu\u00edmicas y petroleras.<\/h5>\n\n    <div class=\"fw-divider__space-10x  \"><\/div>\n<p style=\"color: #337ab7;\">Inicia sus actividades sostenida en tres pilares principales INGENIER\u00cdA, TURBOM\u00c1QUINAS Y PROYECTOS INDUSTRIALES bajo la GESTI\u00d3N INTEGRAL DE PROYECTOS.<\/p><p style=\"color: #337ab7;\">Nuestros servicios bajo los m\u00e1s altos est\u00e1ndares t\u00e9cnicos y respondiendo a los requerimientos del mercado en mec\u00e1nica de precisi\u00f3n nos convirti\u00f3 en ESPECIALISTAS en Montaje y Mantenimiento de TURBOM\u00c1QUINAS.<\/p><p style=\"color: #337ab7;\">Apostando a la evoluci\u00f3n global, al desarrollo tecnol\u00f3gico y comprometidos con el medio ambiente incorporamos la unidad de negocio ENERG\u00cdAS RENOVABLES.<\/p><p style=\"color: #337ab7;\">Aprovechando nuestro perfil de empresa industrial, con t\u00e9cnicos especialistas en m\u00faltiples disciplinas; nos permite brindar soluciones integrales en los procesos productivos de nuestros clientes a trav\u00e9s de la unidad de negocio SERVICIOS INDUSTRIALES.<\/p><p style=\"color: #337ab7;\">Todas nuestras unidades de negocio est\u00e1n fortalecidas bajo las buenas pr\u00e1cticas de PMI\u00ae, lo que distingue nuestro compromiso con el profesionalismo, la calidad y el medio ambiente.<\/p>\n\n    <div class=\"fw-divider__space-10x  \"><\/div>\n<div class=\"fw-iconbox clearfix fw-iconbox--left ib-type2\">\n    <div class=\"fw-iconbox__image \">\n        <a href=\"https:\/\/oiltech.com.ar\/wp-content\/uploads\/2020\/05\/OILTECH_OAA-9001-2015_CERTIFICATE_AR-O237703.pdf\">            <i class=\"fa fa-bookmark\"><\/i>        <\/a>\n    <\/div>\n    <div class=\"fw-iconbox__aside\">\n        <div class=\"fw-iconbox__title\">\n            <h3><a href=\"https:\/\/oiltech.com.ar\/wp-content\/uploads\/2020\/05\/OILTECH_OAA-9001-2015_CERTIFICATE_AR-O237703.pdf\">CERTIFICACI\u00d3N<\/a><\/h3>\n        <\/div>\n\t\t            <div class=\"fw-iconbox__text\">\n                <div>ISO 9001:2015<\/div>\n            <\/div>\n\t\t    <\/div>\n<\/div>    <\/div>\n<\/div>\n<\/div>\n\n<div class=\"row\">\n\t<div class=\"col-md-12       \" >\n    <div style=\" margin: ; padding: ;\">\n\t\n\n    <div class=\"fw-divider__space-30x  \"><\/div>\n    <\/div>\n<\/div>\n<\/div>\n\n\t\t\t\t            <\/div>\n\t\t\t    <\/div>\n<\/section>\n<section class=\"fw-main-row  bg-accent-color-2  fw-table-view\"\n    style=\"background-image:url(http:\/\/oiltech.com.ar\/wp-content\/uploads\/2020\/04\/Depositphotos_33892405_original.jpg);background-position: center center center;background-repeat: no-repeat;background-attachment:scroll;background-size:cover;\" >\n    <span class=\"bg-image-overlay bg-accent-color-2\" style=\" \"><\/span>\n    <div class=\"fw-container unyson_content\">\n\t\t            <div class=\"container\">\n\t\t\t\t\t\t\t\t<div class=\"row\">\n\t<div class=\"col-md-12       \" >\n    <div style=\" margin: ; padding: ;\">\n\t\n\n    <div class=\"fw-divider__space-30x  \"><\/div>\n    <\/div>\n<\/div>\n<\/div>\n\n<div class=\"row\">\n\t<div class=\"col-md-4       \" >\n    <div style=\" margin: ; padding: ;\">\n\t<span class=\"fw-icon\">\n\t<i class=\"fa fa-cubes\"><\/i>\n\t<\/span><div class=\"fw-heading fw-heading--h2    fw-heading--alternate \">\n\t\t\t<h2 class='fw-special__title c-accent-color' style='font-weight: 900;color:'><span>Valores<\/span><\/h2>\t<\/div><ul><li>\u00c9tica<\/li><li>Honestidad<\/li><li>Confianza<\/li><li>Aprendizaje<\/li><li>Profesionalismo<\/li><li>Trabajo en Equipo<\/li><li>Seguridad<\/li><\/ul>\n\n    <div class=\"fw-divider__space-20x  \"><\/div>\n    <\/div>\n<\/div>\n<div class=\"col-md-4       \" >\n    <div style=\" margin: ; padding: ;\">\n\t<span class=\"fw-icon\">\n\t<i class=\"fa fa-line-chart\"><\/i>\n\t<\/span><div class=\"fw-heading fw-heading--h2    fw-heading--alternate \">\n\t\t\t<h2 class='fw-special__title c-accent-color' style='font-weight: 900;color:'><span>Misi\u00f3n<\/span><\/h2>\t<\/div><p>Apoyados en nuestros valores ofrecemos servicios de ingenier\u00eda, mantenimiento y montaje de turbom\u00e1quinas, brindando soluciones de excelencia a la industria, con altos est\u00e1ndares de calidad, aplicando gestion profesional de proyectos y generando confianza a largo plazo con cada uno de nuestros clientes.<\/p>\n\n    <div class=\"fw-divider__space-20x  \"><\/div>\n    <\/div>\n<\/div>\n<div class=\"col-md-4       \" >\n    <div style=\" margin: ; padding: ;\">\n\t<span class=\"fw-icon\">\n\t<i class=\"fa fa-rocket\"><\/i>\n\t<\/span><div class=\"fw-heading fw-heading--h2    fw-heading--alternate \">\n\t\t\t<h2 class='fw-special__title c-accent-color' style='font-weight: 900;color:'><span>Visi\u00f3n<\/span><\/h2>\t<\/div><p>Ser una empresa reconocida en el mercado por satisfacer las necesidades de nuestros clientes, respetando tiempos, costos y est\u00e1ndares de calidad acordados; generando confianza y compromiso con nuestros clientes.<\/p>\n\n    <div class=\"fw-divider__space-20x  \"><\/div>\n    <\/div>\n<\/div>\n<\/div>\n\n<div class=\"row\">\n\t<div class=\"col-md-12       \" >\n    <div style=\" margin: ; padding: ;\">\n\t\n\n    <div class=\"fw-divider__space-30x  \"><\/div>\n    <\/div>\n<\/div>\n<\/div>\n\n<div class=\"row\">\n\t<div class=\"col-md-12       \" >\n    <div style=\" margin: ; padding: ;\">\n\t<div class=\"fw-heading fw-heading--     \">\n\t\t\t<span><\/span>\t<\/div>    <\/div>\n<\/div>\n<\/div>\n\n\t\t\t\t        <\/div>\n\t    <\/div>\n<\/section>\n<section class=\"fw-main-row  bg-content-textcolor \"\n     >\n    <span class=\"bg-image-overlay bg-\" style=\" \"><\/span>\n    <div class=\"fw-container unyson_content\">\n\t\t            <div class=\"container\">\n\t\t\t\t\t\t\t\t<div class=\"row\">\n\t<div class=\"col-md-12       \" >\n    <div style=\" margin: ; padding: ;\">\n\t\n\n    <div class=\"fw-divider__space-15x  \"><\/div>\n<p style=\"color:#30355d;\">A trav\u00e9s de esta Pol\u00edtica, Oiltech sienta las bases para su Direcci\u00f3n Estrat\u00e9gica enfocada en:<br \/>Asegurar el cumplimiento de los Requisitos establecidos por nuestros Clientes, Legales y Otros Requisitos aplicables. Establecer como prioridad la prevenci\u00f3n de lesiones en nuestros Colaboradores.<br \/>Mejorar de forma Continua la Calidad de nuestros Servicios, y el Sistema de Gesti\u00f3n de Calidad. Fomentar la participaci\u00f3n, aprendizaje y desarrollo Profesional y Personal de nuestro Equipo de Trabajo.<\/p>    <\/div>\n<\/div>\n<\/div>\n\n\t\t\t\t        <\/div>\n\t    <\/div>\n<\/section>\n<\/p>\n","protected":false},"excerpt":{"rendered":"<p>We help interesting companies create and improve industry products and services through long lasting and mutually rewarding relationships. We work with our partners to streamline project plans that don\u2019t just deliver on product perfection, but also delivers on time \u2013 crucial to success in a highly competitive market where every day counts. Sheldon Moreno Head&hellip;<\/p>\n","protected":false},"author":1,"featured_media":0,"parent":0,"menu_order":0,"comment_status":"closed","ping_status":"closed","template":"","meta":{"footnotes":""},"_links":{"self":[{"href":"https:\/\/oiltech.com.ar\/es\/wp-json\/wp\/v2\/pages\/141"}],"collection":[{"href":"https:\/\/oiltech.com.ar\/es\/wp-json\/wp\/v2\/pages"}],"about":[{"href":"https:\/\/oiltech.com.ar\/es\/wp-json\/wp\/v2\/types\/page"}],"author":[{"embeddable":true,"href":"https:\/\/oiltech.com.ar\/es\/wp-json\/wp\/v2\/users\/1"}],"replies":[{"embeddable":true,"href":"https:\/\/oiltech.com.ar\/es\/wp-json\/wp\/v2\/comments?post=141"}],"version-history":[{"count":35,"href":"https:\/\/oiltech.com.ar\/es\/wp-json\/wp\/v2\/pages\/141\/revisions"}],"predecessor-version":[{"id":1827,"href":"https:\/\/oiltech.com.ar\/es\/wp-json\/wp\/v2\/pages\/141\/revisions\/1827"}],"wp:attachment":[{"href":"https:\/\/oiltech.com.ar\/es\/wp-json\/wp\/v2\/media?parent=141"}],"curies":[{"name":"wp","href":"https:\/\/api.w.org\/{rel}","templated":true}]}}