{"id":990,"date":"2020-04-25T11:42:23","date_gmt":"2020-04-25T14:42:23","guid":{"rendered":"http:\/\/oiltech.com.ar\/?page_id=990"},"modified":"2021-07-25T18:04:20","modified_gmt":"2021-07-25T21:04:20","slug":"unidades-de-negocios","status":"publish","type":"page","link":"https:\/\/oiltech.com.ar\/es\/unidades-de-negocios\/","title":{"rendered":"Unidades de Negocios"},"content":{"rendered":"<section class=\"fw-main-row  bg- \"\n    style=\"background-image:url(http:\/\/oiltech.com.ar\/wp-content\/uploads\/2020\/04\/bg-what-we-can.jpg);background-position: center center center;background-repeat: no-repeat;background-attachment:scroll;background-size:cover;\" >\n    <span class=\"bg-image-overlay bg-content-background\" style=\" \"><\/span>\n    <div class=\"fw-container unyson_content\">\n\t\t            <div class=\"container\">\n\t\t\t\t\t\t\t\t<div class=\"row\">\n\t<div class=\"col-md-12       \" >\n    <div style=\" margin: ; padding: ;\">\n\t\n\n    <div class=\"fw-divider__space-10x  \"><\/div>\n    <\/div>\n<\/div>\n<\/div>\n\n<div class=\"row\">\n\t<div class=\"col-md-12       \" >\n    <div style=\" margin: ; padding: ;\">\n\t<span class=\"unyson-media-image\"><img src=\"https:\/\/oiltech.com.ar\/wp-content\/uploads\/2020\/06\/UNIDADES-DE-NEGOCIO-1920x300-1-1920x300.jpg\" alt=\"https:\/\/oiltech.com.ar\/wp-content\/uploads\/2020\/06\/UNIDADES-DE-NEGOCIO-1920x300-1-1920x300.jpg\" width=\"1920\" height=\"300\" \/><\/span>    <\/div>\n<\/div>\n<\/div>\n\n<div class=\"row\">\n\t<div class=\"col-md-12       \" >\n    <div style=\" margin: ; padding: ;\">\n\t\n\n    <div class=\"fw-divider__space-10x  \"><\/div>\n    <\/div>\n<\/div>\n<\/div>\n\n<div class=\"row\">\n\t<div class=\"col-md-12   hidden-lg     \" >\n    <div style=\" margin: ; padding: ;\">\n\t<div class=\"fw-heading fw-heading--h2    fw-heading--alternate \">\n\t\t\t<h2 class='fw-special__title c-header-textcolor' style='font-weight: 900;color:'><span>Que <span>ofrecemos?<\/span><\/span><\/h2>\t<\/div>\n\n    <\/div>\n<\/div>\n<\/div>\n\n<div class=\"row\">\n\t<div class=\"col-md-3   hidden-sm hidden-xs     \" >\n    <div style=\" margin: ; padding: ;\">\n\t<div class=\"fw-heading fw-heading--h2    fw-heading--alternate \">\n\t\t\t<h2 class='fw-special__title c-header-textcolor' style='font-weight: 900;color:'><span>Que <span>ofrecemos?<\/span><\/span><\/h2>\t<\/div>\n\n    <a href=\"http:\/\/oiltech.com.ar\/proyectos\" target=\"_self\"\n       class=\"fw-btn \">\n        <span>Ver todos nuestros proyectos<\/span>\n    <\/a>\n    <\/div>\n<\/div>\n<div class=\"col-md-9 has-background-color to_animate       \" data-animation=\"bounceInLeft\">\n    <div style=\"background-color:#ecedef; margin: ; padding: 5%;\">\n\t<div class=\"row iconboxes-row ibs-type1\">\n\t        <div class=\"col-md-12 \" >\n\t\t\t<div class=\"fw-iconbox clearfix fw-iconbox--top ib-type1\">\n    <div class=\"fw-iconbox__image \">\n        <a href=\"https:\/\/oiltech.com.ar\/unidades-de-negocios\/gestion-integral-de-proyectos\">            <i class=\"flaticon-list-1\"><\/i>        <\/a>\n    <\/div>\n    <div class=\"fw-iconbox__aside\">\n        <div class=\"fw-iconbox__title\">\n            <h3><a href=\"https:\/\/oiltech.com.ar\/unidades-de-negocios\/gestion-integral-de-proyectos\">GESTI\u00d3N INTEGRAL DE PROYECTOS<\/a><\/h3>\n        <\/div>\n\t\t            <div class=\"fw-iconbox__text\">\n                <div>La GESTI\u00d3N INTEGRAL DE PROYECTOS es globalizadora y genera identidad a la empresa aportando a todas las unidades de negocio la implementaci\u00f3n de las buenas pr\u00e1cticas de administraci\u00f3n y control de proyectos del PMI\u00ae (Project Management Institute).<\/div>\n            <\/div>\n\t\t    <\/div>\n<\/div>        <\/div><!-- .icon box -->\n\t        <div class=\"col-md-12 \" >\n\t\t\t<div class=\"fw-iconbox clearfix fw-iconbox--top ib-type1\">\n    <div class=\"fw-iconbox__image \">\n        <a href=\"https:\/\/oiltech.com.ar\/unidades-de-negocios\/turbomaquinas\">            <i class=\"flaticon-technology-5\"><\/i>        <\/a>\n    <\/div>\n    <div class=\"fw-iconbox__aside\">\n        <div class=\"fw-iconbox__title\">\n            <h3><a href=\"https:\/\/oiltech.com.ar\/unidades-de-negocios\/turbomaquinas\">TURBOMAQUINAS<\/a><\/h3>\n        <\/div>\n\t\t            <div class=\"fw-iconbox__text\">\n                <div>En Oiltech Ingenier\u00eda y Proyectos S.R.L. respondemos a los requerimientos del mercado Nacional e Internacional en mec\u00e1nica de precisi\u00f3n prestando servicios de montaje y mantenimiento de Turbom\u00e1quinas.<\/div>\n            <\/div>\n\t\t    <\/div>\n<\/div>        <\/div><!-- .icon box -->\n\t        <div class=\"col-md-12 \" >\n\t\t\t<div class=\"fw-iconbox clearfix fw-iconbox--top ib-type1\">\n    <div class=\"fw-iconbox__image \">\n        <a href=\"https:\/\/oiltech.com.ar\/unidades-de-negocios\/energias-renovables\">            <i class=\"flaticon-renewable-energy\"><\/i>        <\/a>\n    <\/div>\n    <div class=\"fw-iconbox__aside\">\n        <div class=\"fw-iconbox__title\">\n            <h3><a href=\"https:\/\/oiltech.com.ar\/unidades-de-negocios\/energias-renovables\">ENERGIAS RENOVABLES<\/a><\/h3>\n        <\/div>\n\t\t            <div class=\"fw-iconbox__text\">\n                <div>Oiltech Ingenier\u00eda y Proyectos S.R.L. apostando a la evoluci\u00f3n global y al desarrollo tecnol\u00f3gico; cuenta con todo lo necesario para materializar PROYECTOS LLAVE EN MANO de CENTRALES DE GENERACI\u00d3N EL\u00c9CTRICA con FUENTES DE ENERG\u00cdA RENOVABLES.<\/div>\n            <\/div>\n\t\t    <\/div>\n<\/div>        <\/div><!-- .icon box -->\n\t        <div class=\"col-md-12 \" >\n\t\t\t<div class=\"fw-iconbox clearfix fw-iconbox--top ib-type1\">\n    <div class=\"fw-iconbox__image \">\n        <a href=\"https:\/\/oiltech.com.ar\/unidades-de-negocios\/servicios-industriales\">            <i class=\"flaticon-wind-engine\"><\/i>        <\/a>\n    <\/div>\n    <div class=\"fw-iconbox__aside\">\n        <div class=\"fw-iconbox__title\">\n            <h3><a href=\"https:\/\/oiltech.com.ar\/unidades-de-negocios\/servicios-industriales\">SERVICIOS INDUSTRIALES<\/a><\/h3>\n        <\/div>\n\t\t            <div class=\"fw-iconbox__text\">\n                <div>Oiltech Ingenier\u00eda y Proyectos S.R.L. respondiendo a las necesidades del mercado y respaldado en su experticia t\u00e9cnica en diferentes industrias, ofrece soluciones integrales a la medida para mantener operativo el proceso productivo del cliente.<\/div>\n            <\/div>\n\t\t    <\/div>\n<\/div>        <\/div><!-- .icon box -->\n\t        <div class=\"col-md-12 \" >\n\t\t\t<div class=\"fw-iconbox clearfix fw-iconbox--top ib-type1\">\n    <div class=\"fw-iconbox__image \">\n        <a href=\"https:\/\/oiltech.com.ar\/unidades-de-negocios\/ingenieria-y-consultoria\">            <i class=\"flaticon-helmet\"><\/i>        <\/a>\n    <\/div>\n    <div class=\"fw-iconbox__aside\">\n        <div class=\"fw-iconbox__title\">\n            <h3><a href=\"https:\/\/oiltech.com.ar\/unidades-de-negocios\/ingenieria-y-consultoria\">INGENIER\u00cdA Y CONSULTOR\u00cdA<\/a><\/h3>\n        <\/div>\n\t\t            <div class=\"fw-iconbox__text\">\n                <div>En Oiltech Ingenier\u00eda y Proyectos S.R.L. el \u00e1rea de Ingenier\u00eda y consultor\u00eda no es independiente de las dem\u00e1s \u00e1reas, ya que en esta se apoyan todas las unidades de negocio para complementarse y prestar un servicio integral. Es uno de los bastiones de la empresa, debido a la experiencia adquirida y desarrollada por m\u00e1s de una d\u00e9cada en dise\u00f1o y c\u00e1lculo bajo normas nacionales e internacionales como son ASME, API, CIRSOC, NAG, IRAM.<\/div>\n            <\/div>\n\t\t    <\/div>\n<\/div>        <\/div><!-- .icon box -->\n\t<\/div><!-- .iconboxes-row -->    <\/div>\n<\/div>\n<\/div>\n\n<div class=\"row\">\n\t<div class=\"col-md-3       \" >\n    <div style=\" margin: ; padding: ;\">\n\t    <\/div>\n<\/div>\n<div class=\"col-md-3   hidden-lg hidden-md     \" >\n    <div style=\" margin: ; padding: ;\">\n\t\n\n    <div class=\"fw-divider__space-20x  \"><\/div>\n    <a href=\"http:\/\/oiltech.com.ar\/proyectos\" target=\"_self\"\n       class=\"fw-btn \">\n        <span>Ver todos nuestros proyectos<\/span>\n    <\/a>\n    <\/div>\n<\/div>\n<\/div>\n\n<div class=\"row\">\n\t<div class=\"col-md-12       \" >\n    <div style=\" margin: ; padding: ;\">\n\t\n\n    <div class=\"fw-divider__space-30x  \"><\/div>\n    <\/div>\n<\/div>\n<\/div>\n\n\t\t\t\t        <\/div>\n\t    <\/div>\n<\/section>\n\n","protected":false},"excerpt":{"rendered":"<p>Que ofrecemos? Que ofrecemos? Ver todos nuestros proyectos GESTI\u00d3N INTEGRAL DE PROYECTOS La GESTI\u00d3N INTEGRAL DE PROYECTOS es globalizadora y genera identidad a la empresa<\/p>\n","protected":false},"author":1,"featured_media":0,"parent":0,"menu_order":0,"comment_status":"closed","ping_status":"closed","template":"","meta":{"footnotes":""},"_links":{"self":[{"href":"https:\/\/oiltech.com.ar\/es\/wp-json\/wp\/v2\/pages\/990"}],"collection":[{"href":"https:\/\/oiltech.com.ar\/es\/wp-json\/wp\/v2\/pages"}],"about":[{"href":"https:\/\/oiltech.com.ar\/es\/wp-json\/wp\/v2\/types\/page"}],"author":[{"embeddable":true,"href":"https:\/\/oiltech.com.ar\/es\/wp-json\/wp\/v2\/users\/1"}],"replies":[{"embeddable":true,"href":"https:\/\/oiltech.com.ar\/es\/wp-json\/wp\/v2\/comments?post=990"}],"version-history":[{"count":45,"href":"https:\/\/oiltech.com.ar\/es\/wp-json\/wp\/v2\/pages\/990\/revisions"}],"predecessor-version":[{"id":1706,"href":"https:\/\/oiltech.com.ar\/es\/wp-json\/wp\/v2\/pages\/990\/revisions\/1706"}],"wp:attachment":[{"href":"https:\/\/oiltech.com.ar\/es\/wp-json\/wp\/v2\/media?parent=990"}],"curies":[{"name":"wp","href":"https:\/\/api.w.org\/{rel}","templated":true}]}}